{"id":1988,"date":"2020-09-18T14:37:04","date_gmt":"2020-09-18T14:37:04","guid":{"rendered":"https:\/\/gorillafriendly.org\/standorte\/"},"modified":"2020-09-18T14:37:12","modified_gmt":"2020-09-18T14:37:12","slug":"standorte","status":"publish","type":"page","link":"https:\/\/gorillafriendly.org\/de\/standorte\/","title":{"rendered":"Standorte"},"content":{"rendered":"\t\t<div data-elementor-type=\"wp-page\" data-elementor-id=\"1988\" class=\"elementor elementor-1988 elementor-840\" data-elementor-post-type=\"page\">\n\t\t\t\t\t\t<section data-particle_enable=\"false\" data-particle-mobile-disabled=\"false\" class=\"elementor-section elementor-top-section elementor-element elementor-element-3b39927 elementor-section-full_width elementor-section-content-top animated-fast elementor-section-height-default elementor-section-height-default elementor-invisible\" data-id=\"3b39927\" data-element_type=\"section\" data-e-type=\"section\" data-settings=\"{&quot;background_background&quot;:&quot;classic&quot;,&quot;animation&quot;:&quot;fadeIn&quot;}\">\n\t\t\t\t\t\t<div class=\"elementor-container elementor-column-gap-default\">\n\t\t\t\t\t<div class=\"elementor-column elementor-col-100 elementor-top-column elementor-element elementor-element-169be50\" data-id=\"169be50\" data-element_type=\"column\" data-e-type=\"column\" data-settings=\"{&quot;background_background&quot;:&quot;classic&quot;}\">\n\t\t\t<div class=\"elementor-widget-wrap elementor-element-populated\">\n\t\t\t\t\t\t<div class=\"elementor-element elementor-element-ce22327 eael-tooltip-align-center popmake-locations-crossriver elementor-widget elementor-widget-eael-tooltip\" data-id=\"ce22327\" data-element_type=\"widget\" data-e-type=\"widget\" id=\"crossriver\" data-widget_type=\"eael-tooltip.default\">\n\t\t\t\t<div class=\"elementor-widget-container\">\n\t\t\t\t\t\t<div class=\"eael-tooltip\">\n\t\t\t\t\t<span class=\"eael-tooltip-content\" tabindex=\"0\" aria-describedby=\"tooltip-text-ce22327\"><img data-opt-id=208778207  fetchpriority=\"high\" loading=\"eager\" decoding=\"async\" src=\"https:\/\/mlwn1xkaawdl.i.optimole.com\/cb:OrhF~55e81\/w:auto\/h:auto\/q:mauto\/f:best\/ig:avif\/https:\/\/gorillafriendly.org\/wp-content\/uploads\/2020\/01\/white-1.png\" alt=\"\"><\/span>\n  \t\t\t<span id=\"tooltip-text-ce22327\" class=\"eael-tooltip-text eael-tooltip-top\" role=\"tooltip\"><p>Klicken Sie hier, um mehr \u00fcber die zu erfahren<br \/><strong>\u00dcberqueren Sie den Gorilla<\/strong><\/p>\n<\/span>\n  \t\t\t<\/div>\n\t\t\t\t\t<\/div>\n\t\t\t\t<\/div>\n\t\t\t\t<div class=\"elementor-element elementor-element-e363183 eael-tooltip-align-center popmake-locations-lowland elementor-widget elementor-widget-eael-tooltip\" data-id=\"e363183\" data-element_type=\"widget\" data-e-type=\"widget\" id=\"lowland\" data-widget_type=\"eael-tooltip.default\">\n\t\t\t\t<div class=\"elementor-widget-container\">\n\t\t\t\t\t\t<div class=\"eael-tooltip\">\n\t\t\t\t\t<span class=\"eael-tooltip-content\" tabindex=\"0\" aria-describedby=\"tooltip-text-e363183\"><img data-opt-id=1087893268  fetchpriority=\"high\" loading=\"eager\" decoding=\"async\" src=\"https:\/\/mlwn1xkaawdl.i.optimole.com\/cb:OrhF~55e81\/w:auto\/h:auto\/q:mauto\/f:best\/ig:avif\/https:\/\/gorillafriendly.org\/wp-content\/uploads\/2020\/01\/yellow.png\" alt=\"\"><\/span>\n  \t\t\t<span id=\"tooltip-text-e363183\" class=\"eael-tooltip-text eael-tooltip-bottom\" role=\"tooltip\"><p>Klicken Sie hier, um mehr \u00fcber die zu erfahren<br \/><strong>Westlicher Tieflandgorilla<\/strong><\/p>\n<\/span>\n  \t\t\t<\/div>\n\t\t\t\t\t<\/div>\n\t\t\t\t<\/div>\n\t\t\t\t<div class=\"elementor-element elementor-element-ce00a08 eael-tooltip-align-center popmake-locations-grauers elementor-widget elementor-widget-eael-tooltip\" data-id=\"ce00a08\" data-element_type=\"widget\" data-e-type=\"widget\" id=\"grauer\" data-widget_type=\"eael-tooltip.default\">\n\t\t\t\t<div class=\"elementor-widget-container\">\n\t\t\t\t\t\t<div class=\"eael-tooltip\">\n\t\t\t\t\t<span class=\"eael-tooltip-content\" tabindex=\"0\" aria-describedby=\"tooltip-text-ce00a08\"><img data-opt-id=404107433  fetchpriority=\"high\" loading=\"eager\" decoding=\"async\" src=\"https:\/\/mlwn1xkaawdl.i.optimole.com\/cb:OrhF~55e81\/w:auto\/h:auto\/q:mauto\/f:best\/ig:avif\/https:\/\/gorillafriendly.org\/wp-content\/uploads\/2020\/01\/orange.png\" alt=\"\"><\/span>\n  \t\t\t<span id=\"tooltip-text-ce00a08\" class=\"eael-tooltip-text eael-tooltip-top\" role=\"tooltip\"><p>Klicken Sie hier, um mehr \u00fcber die zu erfahren<br \/><strong>Grauers Gorilla<\/strong><\/p>\n<\/span>\n  \t\t\t<\/div>\n\t\t\t\t\t<\/div>\n\t\t\t\t<\/div>\n\t\t\t\t<div class=\"elementor-element elementor-element-b1ecba8 eael-tooltip-align-center popmake-locations-mountain elementor-widget elementor-widget-eael-tooltip\" data-id=\"b1ecba8\" data-element_type=\"widget\" data-e-type=\"widget\" id=\"mountain\" data-widget_type=\"eael-tooltip.default\">\n\t\t\t\t<div class=\"elementor-widget-container\">\n\t\t\t\t\t\t<div class=\"eael-tooltip\">\n\t\t\t\t\t<span class=\"eael-tooltip-content\" tabindex=\"0\" aria-describedby=\"tooltip-text-b1ecba8\"><img data-opt-id=341268130  loading=\"lazy\" decoding=\"async\" src=\"https:\/\/mlwn1xkaawdl.i.optimole.com\/cb:OrhF~55e81\/w:auto\/h:auto\/q:mauto\/f:best\/ig:avif\/https:\/\/gorillafriendly.org\/wp-content\/uploads\/2020\/01\/red.png\" alt=\"\"><\/span>\n  \t\t\t<span id=\"tooltip-text-b1ecba8\" class=\"eael-tooltip-text eael-tooltip-bottom\" role=\"tooltip\"><p>Klicken Sie hier, um mehr \u00fcber die zu erfahren<br \/><strong>Berggorilla<\/strong><\/p>\n<\/span>\n  \t\t\t<\/div>\n\t\t\t\t\t<\/div>\n\t\t\t\t<\/div>\n\t\t\t\t<div class=\"elementor-element elementor-element-3bcef3d elementor-widget elementor-widget-image\" data-id=\"3bcef3d\" data-element_type=\"widget\" data-e-type=\"widget\" data-widget_type=\"image.default\">\n\t\t\t\t<div class=\"elementor-widget-container\">\n\t\t\t\t\t\t\t\t\t\t\t\t\t\t\t<img data-opt-id=163809929  loading=\"lazy\" decoding=\"async\" width=\"1293\" height=\"824\" src=\"https:\/\/mlwn1xkaawdl.i.optimole.com\/cb:OrhF~55e81\/w:auto\/h:auto\/q:mauto\/f:best\/ig:avif\/https:\/\/gorillafriendly.org\/wp-content\/uploads\/2020\/01\/locatedbg3-e1580911599712.jpg\" class=\"attachment-full size-full wp-image-1989\" alt=\"\" srcset=\"https:\/\/mlwn1xkaawdl.i.optimole.com\/cb:OrhF~55e81\/w:1293\/h:824\/q:mauto\/f:best\/ig:avif\/https:\/\/gorillafriendly.org\/wp-content\/uploads\/2020\/01\/locatedbg3-e1580911599712.jpg 1293w, https:\/\/mlwn1xkaawdl.i.optimole.com\/cb:OrhF~55e81\/w:300\/h:191\/q:mauto\/f:best\/ig:avif\/https:\/\/gorillafriendly.org\/wp-content\/uploads\/2020\/01\/locatedbg3-e1580911599712.jpg 300w, https:\/\/mlwn1xkaawdl.i.optimole.com\/cb:OrhF~55e81\/w:1024\/h:653\/q:mauto\/f:best\/ig:avif\/https:\/\/gorillafriendly.org\/wp-content\/uploads\/2020\/01\/locatedbg3-e1580911599712.jpg 1024w, https:\/\/mlwn1xkaawdl.i.optimole.com\/cb:OrhF~55e81\/w:768\/h:489\/q:mauto\/f:best\/ig:avif\/https:\/\/gorillafriendly.org\/wp-content\/uploads\/2020\/01\/locatedbg3-e1580911599712.jpg 768w\" sizes=\"(max-width: 1000px) 100vw, 1000px\" \/>\t\t\t\t\t\t\t\t\t\t\t\t\t\t\t<\/div>\n\t\t\t\t<\/div>\n\t\t\t\t\t<\/div>\n\t\t<\/div>\n\t\t\t\t\t<\/div>\n\t\t<\/section>\n\t\t\t\t<section data-particle_enable=\"false\" data-particle-mobile-disabled=\"false\" class=\"elementor-section elementor-top-section elementor-element elementor-element-ebab769 elementor-section-full_width elementor-section-height-default elementor-section-height-default\" data-id=\"ebab769\" data-element_type=\"section\" data-e-type=\"section\">\n\t\t\t\t\t\t<div class=\"elementor-container elementor-column-gap-default\">\n\t\t\t\t\t<div class=\"elementor-column elementor-col-50 elementor-top-column elementor-element elementor-element-6e69636 elementor-invisible\" data-id=\"6e69636\" data-element_type=\"column\" data-e-type=\"column\" data-settings=\"{&quot;background_background&quot;:&quot;classic&quot;,&quot;animation&quot;:&quot;fadeInLeft&quot;,&quot;animation_delay&quot;:500}\">\n\t\t\t<div class=\"elementor-widget-wrap\">\n\t\t\t\t\t\t\t<\/div>\n\t\t<\/div>\n\t\t\t\t<div class=\"elementor-column elementor-col-50 elementor-top-column elementor-element elementor-element-a3d9e34 elementor-invisible\" data-id=\"a3d9e34\" data-element_type=\"column\" data-e-type=\"column\" data-settings=\"{&quot;background_background&quot;:&quot;classic&quot;,&quot;animation&quot;:&quot;fadeInRight&quot;,&quot;animation_delay&quot;:500}\">\n\t\t\t<div class=\"elementor-widget-wrap elementor-element-populated\">\n\t\t\t\t\t\t<section data-particle_enable=\"false\" data-particle-mobile-disabled=\"false\" class=\"elementor-section elementor-inner-section elementor-element elementor-element-cee13d4 elementor-section-boxed elementor-section-height-default elementor-section-height-default\" data-id=\"cee13d4\" data-element_type=\"section\" data-e-type=\"section\">\n\t\t\t\t\t\t<div class=\"elementor-container elementor-column-gap-default\">\n\t\t\t\t\t<div class=\"elementor-column elementor-col-50 elementor-inner-column elementor-element elementor-element-610c961\" data-id=\"610c961\" data-element_type=\"column\" data-e-type=\"column\">\n\t\t\t<div class=\"elementor-widget-wrap elementor-element-populated\">\n\t\t\t\t\t\t<div class=\"elementor-element elementor-element-ea69f28 elementor-widget elementor-widget-heading\" data-id=\"ea69f28\" data-element_type=\"widget\" data-e-type=\"widget\" data-widget_type=\"heading.default\">\n\t\t\t\t<div class=\"elementor-widget-container\">\n\t\t\t\t\t<h3 class=\"elementor-heading-title elementor-size-default\"><a href=\"https:\/\/gorillafriendly.org\/pledge\/\">SEIEN SIE GORILLA FREUNDLICH<\/a><\/h3>\t\t\t\t<\/div>\n\t\t\t\t<\/div>\n\t\t\t\t\t<\/div>\n\t\t<\/div>\n\t\t\t\t<div class=\"elementor-column elementor-col-50 elementor-inner-column elementor-element elementor-element-06a9a91\" data-id=\"06a9a91\" data-element_type=\"column\" data-e-type=\"column\">\n\t\t\t<div class=\"elementor-widget-wrap elementor-element-populated\">\n\t\t\t\t\t\t<div class=\"elementor-element elementor-element-bc3922a elementor-widget elementor-widget-image\" data-id=\"bc3922a\" data-element_type=\"widget\" data-e-type=\"widget\" data-widget_type=\"image.default\">\n\t\t\t\t<div class=\"elementor-widget-container\">\n\t\t\t\t\t\t\t\t\t\t\t\t\t\t\t\t<a href=\"https:\/\/gorillafriendly.org\/pledge\/\">\n\t\t\t\t\t\t\t<img data-opt-id=672718094  loading=\"lazy\" decoding=\"async\" width=\"67\" height=\"66\" src=\"https:\/\/mlwn1xkaawdl.i.optimole.com\/cb:OrhF~55e81\/w:auto\/h:auto\/q:mauto\/f:best\/ig:avif\/https:\/\/gorillafriendly.org\/wp-content\/uploads\/2020\/01\/pledge-small.png\" class=\"attachment-thumbnail size-thumbnail wp-image-1995\" alt=\"\" \/>\t\t\t\t\t\t\t\t<\/a>\n\t\t\t\t\t\t\t\t\t\t\t\t\t\t\t<\/div>\n\t\t\t\t<\/div>\n\t\t\t\t\t<\/div>\n\t\t<\/div>\n\t\t\t\t\t<\/div>\n\t\t<\/section>\n\t\t\t\t\t<\/div>\n\t\t<\/div>\n\t\t\t\t\t<\/div>\n\t\t<\/section>\n\t\t\t\t<\/div>\n\t\t","protected":false},"excerpt":{"rendered":"<p>Klicken Sie hier, um mehr \u00fcber die zu erfahren\u00dcberqueren Sie den Gorilla Klicken Sie hier, um mehr \u00fcber die zu erfahrenWestlicher Tieflandgorilla Klicken Sie hier, um mehr \u00fcber die zu erfahrenGrauers Gorilla Klicken Sie hier, um mehr \u00fcber die zu erfahrenBerggorilla SEIEN SIE GORILLA FREUNDLICH<\/p>\n","protected":false},"author":3,"featured_media":0,"parent":0,"menu_order":0,"comment_status":"closed","ping_status":"closed","template":"elementor_header_footer","meta":{"site-sidebar-layout":"no-sidebar","site-content-layout":"page-builder","ast-site-content-layout":"default","site-content-style":"default","site-sidebar-style":"default","ast-global-header-display":"","ast-banner-title-visibility":"","ast-main-header-display":"","ast-hfb-above-header-display":"","ast-hfb-below-header-display":"","ast-hfb-mobile-header-display":"","site-post-title":"disabled","ast-breadcrumbs-content":"","ast-featured-img":"disabled","footer-sml-layout":"","ast-disable-related-posts":"","theme-transparent-header-meta":"default","adv-header-id-meta":"","stick-header-meta":"","header-above-stick-meta":"","header-main-stick-meta":"","header-below-stick-meta":"","astra-migrate-meta-layouts":"default","ast-page-background-enabled":"default","ast-page-background-meta":{"desktop":{"background-color":"","background-image":"","background-repeat":"repeat","background-position":"center center","background-size":"auto","background-attachment":"scroll","background-type":"","background-media":"","overlay-type":"","overlay-color":"","overlay-opacity":"","overlay-gradient":""},"tablet":{"background-color":"","background-image":"","background-repeat":"repeat","background-position":"center center","background-size":"auto","background-attachment":"scroll","background-type":"","background-media":"","overlay-type":"","overlay-color":"","overlay-opacity":"","overlay-gradient":""},"mobile":{"background-color":"","background-image":"","background-repeat":"repeat","background-position":"center center","background-size":"auto","background-attachment":"scroll","background-type":"","background-media":"","overlay-type":"","overlay-color":"","overlay-opacity":"","overlay-gradient":""}},"ast-content-background-meta":{"desktop":{"background-color":"var(--ast-global-color-5)","background-image":"","background-repeat":"repeat","background-position":"center center","background-size":"auto","background-attachment":"scroll","background-type":"","background-media":"","overlay-type":"","overlay-color":"","overlay-opacity":"","overlay-gradient":""},"tablet":{"background-color":"var(--ast-global-color-5)","background-image":"","background-repeat":"repeat","background-position":"center center","background-size":"auto","background-attachment":"scroll","background-type":"","background-media":"","overlay-type":"","overlay-color":"","overlay-opacity":"","overlay-gradient":""},"mobile":{"background-color":"var(--ast-global-color-5)","background-image":"","background-repeat":"repeat","background-position":"center center","background-size":"auto","background-attachment":"scroll","background-type":"","background-media":"","overlay-type":"","overlay-color":"","overlay-opacity":"","overlay-gradient":""}},"footnotes":""},"class_list":["post-1988","page","type-page","status-publish","hentry"],"_links":{"self":[{"href":"https:\/\/gorillafriendly.org\/de\/wp-json\/wp\/v2\/pages\/1988","targetHints":{"allow":["GET"]}}],"collection":[{"href":"https:\/\/gorillafriendly.org\/de\/wp-json\/wp\/v2\/pages"}],"about":[{"href":"https:\/\/gorillafriendly.org\/de\/wp-json\/wp\/v2\/types\/page"}],"author":[{"embeddable":true,"href":"https:\/\/gorillafriendly.org\/de\/wp-json\/wp\/v2\/users\/3"}],"replies":[{"embeddable":true,"href":"https:\/\/gorillafriendly.org\/de\/wp-json\/wp\/v2\/comments?post=1988"}],"version-history":[{"count":0,"href":"https:\/\/gorillafriendly.org\/de\/wp-json\/wp\/v2\/pages\/1988\/revisions"}],"wp:attachment":[{"href":"https:\/\/gorillafriendly.org\/de\/wp-json\/wp\/v2\/media?parent=1988"}],"curies":[{"name":"wp","href":"https:\/\/api.w.org\/{rel}","templated":true}]}}