{"id":2007,"date":"2020-09-18T14:40:21","date_gmt":"2020-09-18T14:40:21","guid":{"rendered":"https:\/\/gorillafriendly.org\/startseite\/"},"modified":"2026-02-27T12:52:49","modified_gmt":"2026-02-27T17:52:49","slug":"startseite","status":"publish","type":"page","link":"https:\/\/gorillafriendly.org\/de\/","title":{"rendered":"Startseite"},"content":{"rendered":"\t\t<div data-elementor-type=\"wp-page\" data-elementor-id=\"2007\" class=\"elementor elementor-2007 elementor-9\" data-elementor-post-type=\"page\">\n\t\t\t\t\t\t<section data-particle_enable=\"false\" data-particle-mobile-disabled=\"false\" class=\"elementor-section elementor-top-section elementor-element elementor-element-fe59a28 elementor-section-full_width elementor-section-height-default elementor-section-height-default\" data-id=\"fe59a28\" data-element_type=\"section\" data-e-type=\"section\">\n\t\t\t\t\t\t<div class=\"elementor-container elementor-column-gap-default\">\n\t\t\t\t\t<div class=\"elementor-column elementor-col-100 elementor-top-column elementor-element elementor-element-534faeb5\" data-id=\"534faeb5\" data-element_type=\"column\" data-e-type=\"column\">\n\t\t\t<div class=\"elementor-widget-wrap elementor-element-populated\">\n\t\t\t\t\t\t<div class=\"elementor-element elementor-element-52e73d9d hp-banner elementor-widget elementor-widget-image-carousel\" data-id=\"52e73d9d\" data-element_type=\"widget\" data-e-type=\"widget\" data-settings=\"{&quot;slides_to_show&quot;:&quot;1&quot;,&quot;pause_on_hover&quot;:&quot;no&quot;,&quot;pause_on_interaction&quot;:&quot;no&quot;,&quot;autoplay_speed&quot;:7500,&quot;speed&quot;:1000,&quot;navigation&quot;:&quot;none&quot;,&quot;autoplay&quot;:&quot;yes&quot;,&quot;infinite&quot;:&quot;yes&quot;,&quot;effect&quot;:&quot;slide&quot;}\" data-widget_type=\"image-carousel.default\">\n\t\t\t\t<div class=\"elementor-widget-container\">\n\t\t\t\t\t\t\t<div class=\"elementor-image-carousel-wrapper swiper\" role=\"region\" aria-roledescription=\"carousel\" aria-label=\"Bild Karussell\" dir=\"ltr\">\n\t\t\t<div class=\"elementor-image-carousel swiper-wrapper swiper-image-stretch\" aria-live=\"off\">\n\t\t\t\t\t\t\t\t<div class=\"swiper-slide\" role=\"group\" aria-roledescription=\"slide\" aria-label=\"1 von 5\"><figure class=\"swiper-slide-inner\"><img data-opt-id=1410842527  fetchpriority=\"high\" loading=\"eager\" decoding=\"async\" class=\"swiper-slide-image\" src=\"https:\/\/mlwn1xkaawdl.i.optimole.com\/cb:OrhF~55e81\/w:auto\/h:auto\/q:mauto\/f:best\/ig:avif\/https:\/\/gorillafriendly.org\/wp-content\/uploads\/2023\/03\/banner-gorillafriendly-03.jpg\" alt=\"By taking an extra step and taking the Gorilla Friendly Pledge, YOU make an extra commitment to gorillas.photo courtesy of Jon Erickson\" \/><figcaption class=\"elementor-image-carousel-caption\">By taking an <strong>extra<\/strong> step and taking the Gorilla Friendly <strong>Pledge, YOU<\/strong> make an extra <strong>commitment<\/strong> to gorillas.<br><small>photo courtesy of Jon Erickson<\/small><\/figcaption><\/figure><\/div><div class=\"swiper-slide\" role=\"group\" aria-roledescription=\"slide\" aria-label=\"2 von 5\"><figure class=\"swiper-slide-inner\"><img data-opt-id=1465413813  fetchpriority=\"high\" loading=\"eager\" decoding=\"async\" class=\"swiper-slide-image\" src=\"https:\/\/mlwn1xkaawdl.i.optimole.com\/cb:OrhF~55e81\/w:auto\/h:auto\/q:mauto\/f:best\/ig:avif\/https:\/\/gorillafriendly.org\/wp-content\/uploads\/2023\/03\/banner-gorillafriendly-04.jpg\" alt=\"Lorem ipsum\" \/><figcaption class=\"elementor-image-carousel-caption\">Lorem ipsum<\/figcaption><\/figure><\/div><div class=\"swiper-slide\" role=\"group\" aria-roledescription=\"slide\" aria-label=\"3 von 5\"><figure class=\"swiper-slide-inner\"><img data-opt-id=79078802  fetchpriority=\"high\" loading=\"eager\" decoding=\"async\" class=\"swiper-slide-image\" src=\"https:\/\/mlwn1xkaawdl.i.optimole.com\/cb:OrhF~55e81\/w:auto\/h:auto\/q:mauto\/f:best\/ig:avif\/https:\/\/gorillafriendly.org\/wp-content\/uploads\/2023\/03\/banner-gorillafriendly-02.jpg\" alt=\"Get your Pledge Certificate and share it!\" \/><figcaption class=\"elementor-image-carousel-caption\">Get your <strong>Pledge Certificate<\/strong> and <strong>share<\/strong> it!<\/figcaption><\/figure><\/div><div class=\"swiper-slide\" role=\"group\" aria-roledescription=\"slide\" aria-label=\"4 von 5\"><figure class=\"swiper-slide-inner\"><img data-opt-id=1067095971  loading=\"lazy\" decoding=\"async\" class=\"swiper-slide-image\" src=\"https:\/\/mlwn1xkaawdl.i.optimole.com\/cb:OrhF~55e81\/w:auto\/h:auto\/q:mauto\/f:best\/ig:avif\/https:\/\/gorillafriendly.org\/wp-content\/uploads\/2023\/03\/banner-gorillafriendly-01.jpg\" alt=\"By visiting gorillas in the wild through organized tourism, YOU contribute to their continued survival.\" \/><figcaption class=\"elementor-image-carousel-caption\">By <strong>visiting<\/strong> gorillas in the wild through organized tourism, <strong>YOU contribute<\/strong> to their continued <strong>survival.<\/strong><\/figcaption><\/figure><\/div><div class=\"swiper-slide\" role=\"group\" aria-roledescription=\"slide\" aria-label=\"5 von 5\"><figure class=\"swiper-slide-inner\"><img data-opt-id=871440965  loading=\"lazy\" decoding=\"async\" class=\"swiper-slide-image\" src=\"https:\/\/mlwn1xkaawdl.i.optimole.com\/cb:OrhF~55e81\/w:auto\/h:auto\/q:mauto\/f:best\/ig:avif\/https:\/\/gorillafriendly.org\/wp-content\/uploads\/2023\/03\/banner-gorillafriendly-05.jpg\" alt=\"Don\u2019t forget to share your experience and feedback by completing the \u2018After Your Visit\u2019 short survey\" \/><figcaption class=\"elementor-image-carousel-caption\">Don\u2019t forget to <strong>share your experience and feedback<\/strong> by completing the \u2018After Your Visit\u2019 short survey<\/figcaption><\/figure><\/div>\t\t\t<\/div>\n\t\t\t\t\t\t\t\n\t\t\t\t\t\t\t\t\t<\/div>\n\t\t\t\t\t\t<\/div>\n\t\t\t\t<\/div>\n\t\t\t\t\t<\/div>\n\t\t<\/div>\n\t\t\t\t\t<\/div>\n\t\t<\/section>\n\t\t\t\t<section data-particle_enable=\"false\" data-particle-mobile-disabled=\"false\" class=\"elementor-section elementor-top-section elementor-element elementor-element-79c7c11 menu-bar elementor-section-boxed elementor-section-height-default elementor-section-height-default\" data-id=\"79c7c11\" data-element_type=\"section\" data-e-type=\"section\">\n\t\t\t\t\t\t<div class=\"elementor-container elementor-column-gap-default\">\n\t\t\t\t\t<div class=\"elementor-column elementor-col-100 elementor-top-column elementor-element elementor-element-42d8f31c\" data-id=\"42d8f31c\" data-element_type=\"column\" data-e-type=\"column\">\n\t\t\t<div class=\"elementor-widget-wrap elementor-element-populated\">\n\t\t\t\t\t\t<section data-particle_enable=\"false\" data-particle-mobile-disabled=\"false\" class=\"elementor-section elementor-inner-section elementor-element elementor-element-574ca58 elementor-section-boxed elementor-section-height-default elementor-section-height-default\" data-id=\"574ca58\" data-element_type=\"section\" data-e-type=\"section\">\n\t\t\t\t\t\t<div class=\"elementor-container elementor-column-gap-default\">\n\t\t\t\t\t<div class=\"elementor-column elementor-col-50 elementor-inner-column elementor-element elementor-element-12b60264\" data-id=\"12b60264\" data-element_type=\"column\" data-e-type=\"column\" data-settings=\"{&quot;background_background&quot;:&quot;classic&quot;}\">\n\t\t\t<div class=\"elementor-widget-wrap elementor-element-populated\">\n\t\t\t\t\t\t<div class=\"elementor-element elementor-element-54b542ed elementor-widget__width-auto elementor-widget-tablet__width-initial elementor-widget elementor-widget-image\" data-id=\"54b542ed\" data-element_type=\"widget\" data-e-type=\"widget\" data-widget_type=\"image.default\">\n\t\t\t\t<div class=\"elementor-widget-container\">\n\t\t\t\t\t\t\t\t\t\t\t\t\t\t\t\t<a href=\"https:\/\/gorillafriendly.org\/de\/locations\/\">\n\t\t\t\t\t\t\t<img data-opt-id=406399804  loading=\"lazy\" decoding=\"async\" width=\"66\" height=\"66\" src=\"https:\/\/mlwn1xkaawdl.i.optimole.com\/cb:OrhF~55e81\/w:auto\/h:auto\/q:mauto\/f:best\/ig:avif\/https:\/\/gorillafriendly.org\/wp-content\/uploads\/2023\/03\/pin.png\" class=\"attachment-thumbnail size-thumbnail wp-image-95132\" alt=\"\" \/>\t\t\t\t\t\t\t\t<\/a>\n\t\t\t\t\t\t\t\t\t\t\t\t\t\t\t<\/div>\n\t\t\t\t<\/div>\n\t\t\t\t<div class=\"elementor-element elementor-element-4908b2c6 elementor-widget__width-auto elementor-widget-tablet__width-initial elementor-widget elementor-widget-heading\" data-id=\"4908b2c6\" data-element_type=\"widget\" data-e-type=\"widget\" data-widget_type=\"heading.default\">\n\t\t\t\t<div class=\"elementor-widget-container\">\n\t\t\t\t\t<h3 class=\"elementor-heading-title elementor-size-default\"><a href=\"https:\/\/gorillafriendly.org\/de\/locations\/\">Das letzte Habitat der Gorillas<\/a><\/h3>\t\t\t\t<\/div>\n\t\t\t\t<\/div>\n\t\t\t\t\t<\/div>\n\t\t<\/div>\n\t\t\t\t<div class=\"elementor-column elementor-col-50 elementor-inner-column elementor-element elementor-element-6aadc34f\" data-id=\"6aadc34f\" data-element_type=\"column\" data-e-type=\"column\" data-settings=\"{&quot;background_background&quot;:&quot;classic&quot;}\">\n\t\t\t<div class=\"elementor-widget-wrap elementor-element-populated\">\n\t\t\t\t\t\t<div class=\"elementor-element elementor-element-1aa53368 elementor-widget__width-auto elementor-widget-tablet__width-initial elementor-widget elementor-widget-heading\" data-id=\"1aa53368\" data-element_type=\"widget\" data-e-type=\"widget\" data-widget_type=\"heading.default\">\n\t\t\t\t<div class=\"elementor-widget-container\">\n\t\t\t\t\t<h3 class=\"elementor-heading-title elementor-size-default\"><a href=\"https:\/\/gorillafriendly.org\/de\/versprechen\/\">Engagieren Sie sich f\u00fcr Gorillas<\/a><\/h3>\t\t\t\t<\/div>\n\t\t\t\t<\/div>\n\t\t\t\t<div class=\"elementor-element elementor-element-201211ba elementor-widget__width-auto elementor-widget-tablet__width-initial elementor-widget elementor-widget-image\" data-id=\"201211ba\" data-element_type=\"widget\" data-e-type=\"widget\" data-widget_type=\"image.default\">\n\t\t\t\t<div class=\"elementor-widget-container\">\n\t\t\t\t\t\t\t\t\t\t\t\t\t\t\t\t<a href=\"https:\/\/gorillafriendly.org\/de\/versprechen\/\">\n\t\t\t\t\t\t\t<img data-opt-id=1005518250  loading=\"lazy\" decoding=\"async\" width=\"67\" height=\"66\" src=\"https:\/\/mlwn1xkaawdl.i.optimole.com\/cb:OrhF~55e81\/w:auto\/h:auto\/q:mauto\/f:best\/ig:avif\/https:\/\/gorillafriendly.org\/wp-content\/uploads\/2023\/03\/pledge-small.png\" class=\"attachment-thumbnail size-thumbnail wp-image-95135\" alt=\"\" \/>\t\t\t\t\t\t\t\t<\/a>\n\t\t\t\t\t\t\t\t\t\t\t\t\t\t\t<\/div>\n\t\t\t\t<\/div>\n\t\t\t\t\t<\/div>\n\t\t<\/div>\n\t\t\t\t\t<\/div>\n\t\t<\/section>\n\t\t\t\t\t<\/div>\n\t\t<\/div>\n\t\t\t\t\t<\/div>\n\t\t<\/section>\n\t\t\t\t<\/div>\n\t\t","protected":false},"excerpt":{"rendered":"<p>Indem du einen zus\u00e4tzlichen Schritt machst und das Gorilla-freundliche Gel\u00f6bnis ablegst, gehst DU ein zus\u00e4tzliches Engagement f\u00fcr Gorillas ein.Foto mit freundlicher Genehmigung von Jon Erickson Das Gel\u00f6bnis f\u00fchrt DICH durch 10 einfache Dinge, die du vor, w\u00e4hrend und nach deinem Gorilla-Besuch tun solltest. Hol dir dein Pledge-Zertifikat und teile es! Indem Sie Gorillas in freier [&hellip;]<\/p>\n","protected":false},"author":3,"featured_media":0,"parent":0,"menu_order":0,"comment_status":"closed","ping_status":"closed","template":"elementor_header_footer","meta":{"site-sidebar-layout":"no-sidebar","site-content-layout":"page-builder","ast-site-content-layout":"full-width-container","site-content-style":"unboxed","site-sidebar-style":"unboxed","ast-global-header-display":"","ast-banner-title-visibility":"","ast-main-header-display":"","ast-hfb-above-header-display":"","ast-hfb-below-header-display":"","ast-hfb-mobile-header-display":"","site-post-title":"disabled","ast-breadcrumbs-content":"","ast-featured-img":"disabled","footer-sml-layout":"","ast-disable-related-posts":"","theme-transparent-header-meta":"default","adv-header-id-meta":"","stick-header-meta":"","header-above-stick-meta":"","header-main-stick-meta":"","header-below-stick-meta":"","astra-migrate-meta-layouts":"default","ast-page-background-enabled":"default","ast-page-background-meta":{"desktop":{"background-color":"","background-image":"","background-repeat":"repeat","background-position":"center center","background-size":"auto","background-attachment":"scroll","background-type":"","background-media":"","overlay-type":"","overlay-color":"","overlay-opacity":"","overlay-gradient":""},"tablet":{"background-color":"","background-image":"","background-repeat":"repeat","background-position":"center center","background-size":"auto","background-attachment":"scroll","background-type":"","background-media":"","overlay-type":"","overlay-color":"","overlay-opacity":"","overlay-gradient":""},"mobile":{"background-color":"","background-image":"","background-repeat":"repeat","background-position":"center center","background-size":"auto","background-attachment":"scroll","background-type":"","background-media":"","overlay-type":"","overlay-color":"","overlay-opacity":"","overlay-gradient":""}},"ast-content-background-meta":{"desktop":{"background-color":"var(--ast-global-color-5)","background-image":"","background-repeat":"repeat","background-position":"center center","background-size":"auto","background-attachment":"scroll","background-type":"","background-media":"","overlay-type":"","overlay-color":"","overlay-opacity":"","overlay-gradient":""},"tablet":{"background-color":"var(--ast-global-color-5)","background-image":"","background-repeat":"repeat","background-position":"center center","background-size":"auto","background-attachment":"scroll","background-type":"","background-media":"","overlay-type":"","overlay-color":"","overlay-opacity":"","overlay-gradient":""},"mobile":{"background-color":"var(--ast-global-color-5)","background-image":"","background-repeat":"repeat","background-position":"center center","background-size":"auto","background-attachment":"scroll","background-type":"","background-media":"","overlay-type":"","overlay-color":"","overlay-opacity":"","overlay-gradient":""}},"footnotes":""},"class_list":["post-2007","page","type-page","status-publish","hentry"],"_links":{"self":[{"href":"https:\/\/gorillafriendly.org\/de\/wp-json\/wp\/v2\/pages\/2007","targetHints":{"allow":["GET"]}}],"collection":[{"href":"https:\/\/gorillafriendly.org\/de\/wp-json\/wp\/v2\/pages"}],"about":[{"href":"https:\/\/gorillafriendly.org\/de\/wp-json\/wp\/v2\/types\/page"}],"author":[{"embeddable":true,"href":"https:\/\/gorillafriendly.org\/de\/wp-json\/wp\/v2\/users\/3"}],"replies":[{"embeddable":true,"href":"https:\/\/gorillafriendly.org\/de\/wp-json\/wp\/v2\/comments?post=2007"}],"version-history":[{"count":14,"href":"https:\/\/gorillafriendly.org\/de\/wp-json\/wp\/v2\/pages\/2007\/revisions"}],"predecessor-version":[{"id":591602,"href":"https:\/\/gorillafriendly.org\/de\/wp-json\/wp\/v2\/pages\/2007\/revisions\/591602"}],"wp:attachment":[{"href":"https:\/\/gorillafriendly.org\/de\/wp-json\/wp\/v2\/media?parent=2007"}],"curies":[{"name":"wp","href":"https:\/\/api.w.org\/{rel}","templated":true}]}}