{"id":591617,"date":"2026-02-27T12:52:54","date_gmt":"2026-02-27T17:52:54","guid":{"rendered":"https:\/\/gorillafriendly.org\/datenschutzrichtlinie\/"},"modified":"2026-03-17T12:51:07","modified_gmt":"2026-03-17T16:51:07","slug":"datenschutzrichtlinie","status":"publish","type":"page","link":"https:\/\/gorillafriendly.org\/de\/datenschutzrichtlinie\/","title":{"rendered":"Datenschutzrichtlinie"},"content":{"rendered":"\t\t<div data-elementor-type=\"wp-page\" data-elementor-id=\"591617\" class=\"elementor elementor-591617 elementor-100415\" data-elementor-post-type=\"page\">\n\t\t\t\t\t\t<section data-particle_enable=\"false\" data-particle-mobile-disabled=\"false\" class=\"elementor-section elementor-top-section elementor-element elementor-element-d77b2b1 elementor-section-boxed elementor-section-height-default elementor-section-height-default\" data-id=\"d77b2b1\" data-element_type=\"section\" data-e-type=\"section\">\n\t\t\t\t\t\t<div class=\"elementor-container elementor-column-gap-default\">\n\t\t\t\t\t<div class=\"elementor-column elementor-col-100 elementor-top-column elementor-element elementor-element-d64bed5\" data-id=\"d64bed5\" data-element_type=\"column\" data-e-type=\"column\">\n\t\t\t<div class=\"elementor-widget-wrap elementor-element-populated\">\n\t\t\t\t\t\t<div class=\"elementor-element elementor-element-85d98f1 elementor-widget elementor-widget-heading\" data-id=\"85d98f1\" data-element_type=\"widget\" data-e-type=\"widget\" data-widget_type=\"heading.default\">\n\t\t\t\t<div class=\"elementor-widget-container\">\n\t\t\t\t\t<h1 class=\"elementor-heading-title elementor-size-default\">Datenschutzrichtlinie<\/h1>\t\t\t\t<\/div>\n\t\t\t\t<\/div>\n\t\t\t\t<div class=\"elementor-element elementor-element-b09067c elementor-widget elementor-widget-heading\" data-id=\"b09067c\" data-element_type=\"widget\" data-e-type=\"widget\" data-widget_type=\"heading.default\">\n\t\t\t\t<div class=\"elementor-widget-container\">\n\t\t\t\t\t<h2 class=\"elementor-heading-title elementor-size-default\">Unser Datenverantwortlicher<\/h2>\t\t\t\t<\/div>\n\t\t\t\t<\/div>\n\t\t\t\t<div class=\"elementor-element elementor-element-d3c3a7d elementor-widget elementor-widget-text-editor\" data-id=\"d3c3a7d\" data-element_type=\"widget\" data-e-type=\"widget\" data-widget_type=\"text-editor.default\">\n\t\t\t\t<div class=\"elementor-widget-container\">\n\t\t\t\t\t\t\t\t\tGorilla Friendly verarbeitet pers\u00f6nliche Daten sowohl als Prozessor als auch als Controller. Diese Daten werden ausschlie\u00dflich in sicheren Hosting-Einrichtungen gem\u00e4\u00df den Anforderungen der DSGVO gespeichert. \t\t\t\t\t\t\t\t<\/div>\n\t\t\t\t<\/div>\n\t\t\t\t<div class=\"elementor-element elementor-element-4e2aa3c elementor-widget elementor-widget-heading\" data-id=\"4e2aa3c\" data-element_type=\"widget\" data-e-type=\"widget\" data-widget_type=\"heading.default\">\n\t\t\t\t<div class=\"elementor-widget-container\">\n\t\t\t\t\t<h2 class=\"elementor-heading-title elementor-size-default\">Internationale Datenschutzgesetze<\/h2>\t\t\t\t<\/div>\n\t\t\t\t<\/div>\n\t\t\t\t<div class=\"elementor-element elementor-element-a722a0b elementor-widget elementor-widget-text-editor\" data-id=\"a722a0b\" data-element_type=\"widget\" data-e-type=\"widget\" data-widget_type=\"text-editor.default\">\n\t\t\t\t<div class=\"elementor-widget-container\">\n\t\t\t\t\t\t\t\t\tWenn Sie die Website von au\u00dferhalb Ruanda besuchen, beachten Sie bitte, dass Sie pers\u00f6nliche Informationen nach Ruanda senden. Je nach Art der Informationen und wie sie von uns gespeichert werden, k\u00f6nnen diese Informationen innerhalb Ruanda oder in andere L\u00e4nder au\u00dferhalb Ihres Wohnsitzlandes \u00fcbertragen werden. Obwohl diese L\u00e4nder, einschlie\u00dflich Ruanda, m\u00f6glicherweise keine Datenschutzgesetze haben, die so sch\u00fctzend sind wie die in Ihrem Wohnsitzland, werden unsere Erhebung, Speicherung und Nutzung Ihrer pers\u00f6nlichen Daten jederzeit durch diese Datenschutzrichtlinie geregelt.  \n\n<span style=\"font-weight: 400;\">F\u00fcr personenbezogene Informationen, die wir vom EWR erhalten, hat Gorilla Friendly seine Einhaltung der Sammlung, Nutzung und Speicherung personenbezogener Daten aus L\u00e4ndern der Europ\u00e4ischen Union best\u00e4tigt.  <\/span>\t\t\t\t\t\t\t\t<\/div>\n\t\t\t\t<\/div>\n\t\t\t\t<div class=\"elementor-element elementor-element-34d75ce elementor-widget elementor-widget-heading\" data-id=\"34d75ce\" data-element_type=\"widget\" data-e-type=\"widget\" data-widget_type=\"heading.default\">\n\t\t\t\t<div class=\"elementor-widget-container\">\n\t\t\t\t\t<h2 class=\"elementor-heading-title elementor-size-default\">Wie Sie auf Ihre Informationen zugreifen, sie korrigieren oder l\u00f6schen<\/h2>\t\t\t\t<\/div>\n\t\t\t\t<\/div>\n\t\t\t\t<div class=\"elementor-element elementor-element-4a57610 elementor-widget elementor-widget-text-editor\" data-id=\"4a57610\" data-element_type=\"widget\" data-e-type=\"widget\" data-widget_type=\"text-editor.default\">\n\t\t\t\t<div class=\"elementor-widget-container\">\n\t\t\t\t\t\t\t\t\t<p>E-Mail-Adresse: <span \n                data-original-string='OZiBToQdgCeky0GfM868EQ==c01FC0S3kbcGKOWke7inBk4htO9RxhV21EJD7C4Gmm9dn8='\n                class='apbct-email-encoder'\n                title='Dieser Kontakt wurde von Anti-Spam by CleanTalk verschl\u00fcsselt. Klicken Sie hier, um ihn zu entschl\u00fcsseln. Um die Entschl\u00fcsselung abzuschlie\u00dfen, stellen Sie sicher, dass JavaScript in Ihrem Browser aktiviert ist.'>in<span class=\"apbct-blur\">**<\/span>@<span class=\"apbct-blur\">**************<\/span>ly.org<\/span><\/p>\t\t\t\t\t\t\t\t<\/div>\n\t\t\t\t<\/div>\n\t\t\t\t<div class=\"elementor-element elementor-element-4795d53 elementor-widget elementor-widget-text-editor\" data-id=\"4795d53\" data-element_type=\"widget\" data-e-type=\"widget\" data-widget_type=\"text-editor.default\">\n\t\t\t\t<div class=\"elementor-widget-container\">\n\t\t\t\t\t\t\t\t\t<p>Sie k\u00f6nnen uns kontaktieren, um sich nach Ihren personenbezogenen Daten zu erkundigen, die wir online sammeln und verwalten. Wir nutzen dieses Verfahren, um Ihre Daten besser zu sch\u00fctzen. <\/p><p>Sie k\u00f6nnen sachliche Fehler in Ihren personenbezogenen Daten korrigieren, indem Sie uns eine Anfrage senden, die glaubw\u00fcrdig Fehler aufweist.<\/p><p>Sie k\u00f6nnen sich erkundigen, ob Sie die Informationen, die Gorilla Friendly \u00fcber Sie hat, l\u00f6schen k\u00f6nnen, indem Sie uns kontaktieren.<\/p><p>Um Ihre Privatsph\u00e4re und Sicherheit zu sch\u00fctzen, werden wir auch angemessene Ma\u00dfnahmen ergreifen, um Ihre Identit\u00e4t zu \u00fcberpr\u00fcfen, bevor wir Zugang gew\u00e4hren oder Korrekturen vornehmen.<\/p><p>Wenn Sie Fragen haben, kontaktieren Sie uns bitte unter: <a href=\"mailto:in**@*************ly.org\" data-original-string=\"j4xETz5na0fACwuwJuk8JA==c01mDH+xET\/gCNylbkJsRHCskAPp9EAjETdAOUmEtUL9UI=\" title=\"Dieser Kontakt wurde von Anti-Spam by CleanTalk verschl\u00fcsselt. Klicken Sie hier, um ihn zu entschl\u00fcsseln. Um die Entschl\u00fcsselung abzuschlie\u00dfen, stellen Sie sicher, dass JavaScript in Ihrem Browser aktiviert ist.\"><span \n                data-original-string='Sy36VDfVNKPUft2tgMXF9A==c01NlbW2UyPL+UhYu9DBFss4krUj1q2bIItzBOlkW9UmtM='\n                class='apbct-email-encoder'\n                title='Dieser Kontakt wurde von Anti-Spam by CleanTalk verschl\u00fcsselt. Klicken Sie hier, um ihn zu entschl\u00fcsseln. Um die Entschl\u00fcsselung abzuschlie\u00dfen, stellen Sie sicher, dass JavaScript in Ihrem Browser aktiviert ist.'>in<span class=\"apbct-blur\">**<\/span>@<span class=\"apbct-blur\">*************<\/span>ly.org<\/span><\/a><\/p>\t\t\t\t\t\t\t\t<\/div>\n\t\t\t\t<\/div>\n\t\t\t\t\t<\/div>\n\t\t<\/div>\n\t\t\t\t\t<\/div>\n\t\t<\/section>\n\t\t\t\t<\/div>\n\t\t","protected":false},"excerpt":{"rendered":"<p>Datenschutzrichtlinie Unser Datenverantwortlicher Gorilla Friendly verarbeitet pers\u00f6nliche Daten sowohl als Prozessor als auch als Controller. Diese Daten werden ausschlie\u00dflich in sicheren Hosting-Einrichtungen gem\u00e4\u00df den Anforderungen der DSGVO gespeichert. Internationale Datenschutzgesetze Wenn Sie die Website von au\u00dferhalb Ruanda besuchen, beachten Sie bitte, dass Sie pers\u00f6nliche Informationen nach Ruanda senden. Je nach Art der Informationen und wie [&hellip;]<\/p>\n","protected":false},"author":2,"featured_media":0,"parent":0,"menu_order":0,"comment_status":"closed","ping_status":"closed","template":"elementor_header_footer","meta":{"site-sidebar-layout":"no-sidebar","site-content-layout":"page-builder","ast-site-content-layout":"full-width-container","site-content-style":"default","site-sidebar-style":"default","ast-global-header-display":"","ast-banner-title-visibility":"","ast-main-header-display":"","ast-hfb-above-header-display":"","ast-hfb-below-header-display":"","ast-hfb-mobile-header-display":"","site-post-title":"disabled","ast-breadcrumbs-content":"","ast-featured-img":"disabled","footer-sml-layout":"","ast-disable-related-posts":"","theme-transparent-header-meta":"","adv-header-id-meta":"","stick-header-meta":"","header-above-stick-meta":"","header-main-stick-meta":"","header-below-stick-meta":"","astra-migrate-meta-layouts":"default","ast-page-background-enabled":"default","ast-page-background-meta":{"desktop":{"background-color":"","background-image":"","background-repeat":"repeat","background-position":"center center","background-size":"auto","background-attachment":"scroll","background-type":"","background-media":"","overlay-type":"","overlay-color":"","overlay-opacity":"","overlay-gradient":""},"tablet":{"background-color":"","background-image":"","background-repeat":"repeat","background-position":"center center","background-size":"auto","background-attachment":"scroll","background-type":"","background-media":"","overlay-type":"","overlay-color":"","overlay-opacity":"","overlay-gradient":""},"mobile":{"background-color":"","background-image":"","background-repeat":"repeat","background-position":"center center","background-size":"auto","background-attachment":"scroll","background-type":"","background-media":"","overlay-type":"","overlay-color":"","overlay-opacity":"","overlay-gradient":""}},"ast-content-background-meta":{"desktop":{"background-color":"var(--ast-global-color-5)","background-image":"","background-repeat":"repeat","background-position":"center center","background-size":"auto","background-attachment":"scroll","background-type":"","background-media":"","overlay-type":"","overlay-color":"","overlay-opacity":"","overlay-gradient":""},"tablet":{"background-color":"var(--ast-global-color-5)","background-image":"","background-repeat":"repeat","background-position":"center center","background-size":"auto","background-attachment":"scroll","background-type":"","background-media":"","overlay-type":"","overlay-color":"","overlay-opacity":"","overlay-gradient":""},"mobile":{"background-color":"var(--ast-global-color-5)","background-image":"","background-repeat":"repeat","background-position":"center center","background-size":"auto","background-attachment":"scroll","background-type":"","background-media":"","overlay-type":"","overlay-color":"","overlay-opacity":"","overlay-gradient":""}},"footnotes":""},"class_list":["post-591617","page","type-page","status-publish","hentry"],"_links":{"self":[{"href":"https:\/\/gorillafriendly.org\/de\/wp-json\/wp\/v2\/pages\/591617","targetHints":{"allow":["GET"]}}],"collection":[{"href":"https:\/\/gorillafriendly.org\/de\/wp-json\/wp\/v2\/pages"}],"about":[{"href":"https:\/\/gorillafriendly.org\/de\/wp-json\/wp\/v2\/types\/page"}],"author":[{"embeddable":true,"href":"https:\/\/gorillafriendly.org\/de\/wp-json\/wp\/v2\/users\/2"}],"replies":[{"embeddable":true,"href":"https:\/\/gorillafriendly.org\/de\/wp-json\/wp\/v2\/comments?post=591617"}],"version-history":[{"count":5,"href":"https:\/\/gorillafriendly.org\/de\/wp-json\/wp\/v2\/pages\/591617\/revisions"}],"predecessor-version":[{"id":592097,"href":"https:\/\/gorillafriendly.org\/de\/wp-json\/wp\/v2\/pages\/591617\/revisions\/592097"}],"wp:attachment":[{"href":"https:\/\/gorillafriendly.org\/de\/wp-json\/wp\/v2\/media?parent=591617"}],"curies":[{"name":"wp","href":"https:\/\/api.w.org\/{rel}","templated":true}]}}