{"id":591619,"date":"2026-02-27T12:52:54","date_gmt":"2026-02-27T17:52:54","guid":{"rendered":"https:\/\/gorillafriendly.org\/elementor-95089\/"},"modified":"2026-02-27T12:52:54","modified_gmt":"2026-02-27T17:52:54","slug":"elementor-95089","status":"publish","type":"page","link":"https:\/\/gorillafriendly.org\/de\/elementor-95089\/","title":{"rendered":"Elementor #95089"},"content":{"rendered":"\t\t<div data-elementor-type=\"wp-page\" data-elementor-id=\"591619\" class=\"elementor elementor-591619 elementor-95089\" data-elementor-post-type=\"page\">\n\t\t\t\t\t\t<section data-particle_enable=\"false\" data-particle-mobile-disabled=\"false\" class=\"elementor-section elementor-top-section elementor-element elementor-element-92316b0 elementor-section-boxed elementor-section-height-default elementor-section-height-default\" data-id=\"92316b0\" data-element_type=\"section\" data-e-type=\"section\">\n\t\t\t\t\t\t<div class=\"elementor-container elementor-column-gap-default\">\n\t\t\t\t\t<div class=\"elementor-column elementor-col-100 elementor-top-column elementor-element elementor-element-e35bb87 twttier-feed\" data-id=\"e35bb87\" data-element_type=\"column\" data-e-type=\"column\">\n\t\t\t<div class=\"elementor-widget-wrap elementor-element-populated\">\n\t\t\t\t\t\t<div class=\"elementor-element elementor-element-eaf0b05 elementor-widget elementor-widget-eael-twitter-feed\" data-id=\"eaf0b05\" data-element_type=\"widget\" data-e-type=\"widget\" data-settings=\"{&quot;pagination&quot;:&quot;false&quot;}\" data-widget_type=\"eael-twitter-feed.default\">\n\t\t\t\t<div class=\"elementor-widget-container\">\n\t\t\t\t\t \n        <div>\n            <div class=\"eael-twitter-feed eael-twitter-feed-eaf0b05 eael-twitter-feed-list eael-twitter-feed- clearfix\" data-gutter=\"10\" data-posts-per-page=\"\" data-total-posts=\"6\" data-nomore-item-text=\"\" data-next-page=\"2\" >\n                            <\/div>\n            <div class=\"clearfix\">\n                            <\/div>\n        <\/div>\n\n        <style>\n            .eael-twitter-feed-eaf0b05.eael-twitter-feed-masonry.eael-twitter-feed-col-2 .eael-twitter-feed-item {\n                width: calc(50% - 5px);\n            }\n            .eael-twitter-feed-eaf0b05.eael-twitter-feed-masonry.eael-twitter-feed-col-3 .eael-twitter-feed-item {\n                width: calc(33.33% - 7px);\n            }\n            .eael-twitter-feed-eaf0b05.eael-twitter-feed-masonry.eael-twitter-feed-col-4 .eael-twitter-feed-item {\n                width: calc(25% - 8px);\n            }\n\n            .eael-twitter-feed-eaf0b05.eael-twitter-feed-col-2 .eael-twitter-feed-item,\n            .eael-twitter-feed-eaf0b05.eael-twitter-feed-col-3 .eael-twitter-feed-item,\n            .eael-twitter-feed-eaf0b05.eael-twitter-feed-col-4 .eael-twitter-feed-item {\n                margin-bottom: 10px;\n            }\n            @media only screen and (min-width: 768px) and (max-width: 992px) {\n                .eael-twitter-feed-eaf0b05.eael-twitter-feed-masonry.eael-twitter-feed-col-3 .eael-twitter-feed-item,\n                .eael-twitter-feed-eaf0b05.eael-twitter-feed-masonry.eael-twitter-feed-col-4 .eael-twitter-feed-item {\n                    width: calc(50% - 5px);\n                }\n            }\n        <\/style>\t\t\t\t<\/div>\n\t\t\t\t<\/div>\n\t\t\t\t\t<\/div>\n\t\t<\/div>\n\t\t\t\t\t<\/div>\n\t\t<\/section>\n\t\t\t\t<\/div>\n\t\t","protected":false},"excerpt":{"rendered":"<p>Gorillafreundlich Vor 4 Monaten Gro\u00dfartige Jobm\u00f6glichkeit bei FFI &#8230; Weiterlesen Gorillafreundlich Vor 8 Monaten RT @gorillacd: Der gef\u00e4hrdete Schimpanse ist eine der drei Arten von Menschenaffen, die im Virunga-Nationalpark leben. Mehrere Gruppen von c&#8230; Weiterlesen Gorillafreundlich Vor 8 Monaten Vielen Dank @WifaFest und @AlliHanes, dass Sie gezeigt haben, wie Touristen am Gorillaschutz teilnehmen k\u00f6nnen! Certified [&hellip;]<\/p>\n","protected":false},"author":20,"featured_media":0,"parent":0,"menu_order":0,"comment_status":"closed","ping_status":"closed","template":"","meta":{"site-sidebar-layout":"no-sidebar","site-content-layout":"page-builder","ast-site-content-layout":"default","site-content-style":"default","site-sidebar-style":"default","ast-global-header-display":"","ast-banner-title-visibility":"","ast-main-header-display":"","ast-hfb-above-header-display":"","ast-hfb-below-header-display":"","ast-hfb-mobile-header-display":"","site-post-title":"disabled","ast-breadcrumbs-content":"","ast-featured-img":"disabled","footer-sml-layout":"","ast-disable-related-posts":"","theme-transparent-header-meta":"","adv-header-id-meta":"","stick-header-meta":"","header-above-stick-meta":"","header-main-stick-meta":"","header-below-stick-meta":"","astra-migrate-meta-layouts":"default","ast-page-background-enabled":"default","ast-page-background-meta":{"desktop":{"background-color":"","background-image":"","background-repeat":"repeat","background-position":"center center","background-size":"auto","background-attachment":"scroll","background-type":"","background-media":"","overlay-type":"","overlay-color":"","overlay-opacity":"","overlay-gradient":""},"tablet":{"background-color":"","background-image":"","background-repeat":"repeat","background-position":"center center","background-size":"auto","background-attachment":"scroll","background-type":"","background-media":"","overlay-type":"","overlay-color":"","overlay-opacity":"","overlay-gradient":""},"mobile":{"background-color":"","background-image":"","background-repeat":"repeat","background-position":"center center","background-size":"auto","background-attachment":"scroll","background-type":"","background-media":"","overlay-type":"","overlay-color":"","overlay-opacity":"","overlay-gradient":""}},"ast-content-background-meta":{"desktop":{"background-color":"var(--ast-global-color-5)","background-image":"","background-repeat":"repeat","background-position":"center center","background-size":"auto","background-attachment":"scroll","background-type":"","background-media":"","overlay-type":"","overlay-color":"","overlay-opacity":"","overlay-gradient":""},"tablet":{"background-color":"var(--ast-global-color-5)","background-image":"","background-repeat":"repeat","background-position":"center center","background-size":"auto","background-attachment":"scroll","background-type":"","background-media":"","overlay-type":"","overlay-color":"","overlay-opacity":"","overlay-gradient":""},"mobile":{"background-color":"var(--ast-global-color-5)","background-image":"","background-repeat":"repeat","background-position":"center center","background-size":"auto","background-attachment":"scroll","background-type":"","background-media":"","overlay-type":"","overlay-color":"","overlay-opacity":"","overlay-gradient":""}},"footnotes":""},"class_list":["post-591619","page","type-page","status-publish","hentry"],"_links":{"self":[{"href":"https:\/\/gorillafriendly.org\/de\/wp-json\/wp\/v2\/pages\/591619","targetHints":{"allow":["GET"]}}],"collection":[{"href":"https:\/\/gorillafriendly.org\/de\/wp-json\/wp\/v2\/pages"}],"about":[{"href":"https:\/\/gorillafriendly.org\/de\/wp-json\/wp\/v2\/types\/page"}],"author":[{"embeddable":true,"href":"https:\/\/gorillafriendly.org\/de\/wp-json\/wp\/v2\/users\/20"}],"replies":[{"embeddable":true,"href":"https:\/\/gorillafriendly.org\/de\/wp-json\/wp\/v2\/comments?post=591619"}],"version-history":[{"count":0,"href":"https:\/\/gorillafriendly.org\/de\/wp-json\/wp\/v2\/pages\/591619\/revisions"}],"wp:attachment":[{"href":"https:\/\/gorillafriendly.org\/de\/wp-json\/wp\/v2\/media?parent=591619"}],"curies":[{"name":"wp","href":"https:\/\/api.w.org\/{rel}","templated":true}]}}