{"id":591781,"date":"2026-03-03T21:23:09","date_gmt":"2026-03-04T02:23:09","guid":{"rendered":"https:\/\/gorillafriendly.org\/test-cf7-form\/"},"modified":"2026-03-03T21:23:09","modified_gmt":"2026-03-04T02:23:09","slug":"test-cf7-form","status":"publish","type":"page","link":"https:\/\/gorillafriendly.org\/de\/test-cf7-form\/","title":{"rendered":"TEST CF7-Form"},"content":{"rendered":"\t\t<div data-elementor-type=\"wp-page\" data-elementor-id=\"591781\" class=\"elementor elementor-591781\" data-elementor-post-type=\"page\">\n\t\t\t\t\t\t<section data-particle_enable=\"false\" data-particle-mobile-disabled=\"false\" class=\"elementor-section elementor-top-section elementor-element elementor-element-3257193 elementor-section-boxed elementor-section-height-default elementor-section-height-default\" data-id=\"3257193\" data-element_type=\"section\" data-e-type=\"section\">\n\t\t\t\t\t\t<div class=\"elementor-container elementor-column-gap-default\">\n\t\t\t\t\t<div class=\"elementor-column elementor-col-100 elementor-top-column elementor-element elementor-element-c849cbd\" data-id=\"c849cbd\" data-element_type=\"column\" data-e-type=\"column\">\n\t\t\t<div class=\"elementor-widget-wrap elementor-element-populated\">\n\t\t\t\t\t\t<div class=\"elementor-element elementor-element-d686aaa eael-contact-form-7-button-align-left eael-contact-form-7-button-custom elementor-widget elementor-widget-eael-contact-form-7\" data-id=\"d686aaa\" data-element_type=\"widget\" data-e-type=\"widget\" data-widget_type=\"eael-contact-form-7.default\">\n\t\t\t\t<div class=\"elementor-widget-container\">\n\t\t\t\t\t<div class=\"eael-contact-form-7-wrapper\">\n                <div class=\"eael-contact-form eael-contact-form-7 eael-contact-form-d686aaa placeholder-show eael-contact-form-align-default\">\n<div class=\"wpcf7 no-js\" id=\"wpcf7-f591646-o1\" lang=\"de-DE\" dir=\"ltr\" data-wpcf7-id=\"591646\">\n<div class=\"screen-reader-response\"><p role=\"status\" aria-live=\"polite\" aria-atomic=\"true\"><\/p> <ul><\/ul><\/div>\n<form action=\"\/de\/wp-json\/wp\/v2\/pages\/591781#wpcf7-f591646-o1\" method=\"post\" class=\"wpcf7-form init\" aria-label=\"Kontaktformular\" novalidate=\"novalidate\" data-status=\"init\">\n<fieldset class=\"hidden-fields-container\"><input type=\"hidden\" name=\"_wpcf7\" value=\"591646\" \/><input type=\"hidden\" name=\"_wpcf7_version\" value=\"6.1.5\" \/><input type=\"hidden\" name=\"_wpcf7_locale\" value=\"de_DE\" \/><input type=\"hidden\" name=\"_wpcf7_unit_tag\" value=\"wpcf7-f591646-o1\" \/><input type=\"hidden\" name=\"_wpcf7_container_post\" value=\"0\" \/><input type=\"hidden\" name=\"_wpcf7_posted_data_hash\" value=\"\" \/><input type=\"hidden\" name=\"_wpcf7dtx_version\" value=\"5.0.5\" \/><input type=\"hidden\" name=\"redirect_nonce\" value=\"9c807571c3\" \/><input type=\"hidden\" name=\"wpcf7cfpdf_hidden_name\" value=\"document-pdf\" \/><input type=\"hidden\" name=\"wpcf7cfpdf_hidden_reference\" value=\"bbb9bfb5\" \/><input type=\"hidden\" name=\"wpcf7cfpdf_hidden_date\" value=\"04162026\" \/>\n<\/fieldset>\n<div id=\"form\">\n\t<div class=\"pledgetext\">\n\t\t<h1>GORILLA-FREUNDLICHER ZUSCHUSS\n\t\t<\/h1>\n\t\t<p><span class=\"wpcf7-form-control-wrap\" data-name=\"Zertifikatsname\"><input size=\"40\" maxlength=\"400\" class=\"wpcf7-form-control wpcf7-text wpcf7-validates-as-required\" id=\"Dein-Name\" aria-required=\"true\" aria-invalid=\"false\" value=\"Gib deinen Vor- und Nachnamen ein...\" type=\"text\" name=\"Zertifikatsname\" \/><\/span><span class=\"wpcf7-form-control-wrap\" data-name=\"Park\"><select class=\"wpcf7-form-control wpcf7-select wpcf7-validates-as-required\" id=\"pickpark\" aria-required=\"true\" aria-invalid=\"false\" name=\"Park\"><option value=\"\">&#8211; Bitte ausw\u00e4hlen &#8211;<\/option><option value=\"Bwindi Impenetrable NP\">Bwindi Impenetrable NP<\/option><option value=\"Mgahinga Gorilla NP\">Mgahinga Gorilla NP<\/option><option value=\"Virunga\">Virunga<\/option><option value=\"NP Vulkane\">NP Vulkane<\/option><option value=\"NP Kahuzi-Biega NP\">NP Kahuzi-Biega NP<\/option><option value=\"Nouabal\u00e9-Ndoki NP\">Nouabal\u00e9-Ndoki NP<\/option><option value=\"Odzala-Kokoua Nationalpark\">Odzala-Kokoua Nationalpark<\/option><option value=\"Wir werden nicht besuchen, sondern an Gorillaschutz interessiert\">Wir werden nicht besuchen, sondern an Gorillaschutz interessiert<\/option><\/select><\/span>\n\t\t<\/p>\n\t<\/div>\n\t<div class=\"pledge-content\">\n\t\t<p>Ich erkenne, dass <strong>Gorillas vom Aussterben bedroht sind<\/strong> (wobei die meisten Unterarten als kritisch gef\u00e4hrdet eingestuft werden) und dass ich durch die aktive Einhaltung der Gorilla-Besuchsregelungen <strong>eine wichtige Rolle<\/strong> beim Schutz ihres Films spiele, indem ich m\u00f6gliche negative Auswirkungen auf die Gesundheit und das Verhalten der Gorilla verringere. Daher bekr\u00e4ftige ich, dass ich:\n\t\t<\/p>\n\t\t<ul>\n\t\t\t<li>\n\t\t\t\t<p><i class=\"fa-solid fa-circle-check\"><\/i>Informieren Sie meinen Reiseveranstalter oder das Parkpersonal, wenn ich eine ansteckende Krankheit habe, einschlie\u00dflich einer Erk\u00e4ltung oder Grippe \u2013 oder Symptome wie Fieber, Durchfall, Halsschmerzen oder Husten \u2013 und besuchen Sie die Gorillas nicht. <a id=\"step2-1-2\" role=\"button\" class=\"learnmore\">Mehr erfahren<\/a>\n\t\t\t\t<\/p>\n\t\t\t<\/li>\n\t\t\t<li>\n\t\t\t\t<p>N\u00e4hern Sie sich Gorillas nicht in weniger als 10 Metern Entfernung und ermutigen Sie proaktiv den Guide und andere Besucher, diese Regel zu respektieren. <a id=\"step2-2-2\" role=\"button\" class=\"learnmore\">Mehr erfahren<\/a>\n\t\t\t\t<\/p>\n\t\t\t<\/li>\n\t\t\t<li>\n\t\t\t\t<p>Ich drehe und bedecke meine Nase und meinen Mund mit meinem Hemd\u00e4rmel, falls ich w\u00e4hrend des Besuchs husten oder niesen muss. <a id=\"step3-1-2\" role=\"button\" class=\"learnmore\">Mehr erfahren<\/a>\n\t\t\t\t<\/p>\n\t\t\t<\/li>\n\t\t\t<li>\n\t\t\t\t<p>Versprechen Sie, beim Besuch von Gorillas eine chirurgische Maske zu tragen und sie ordnungsgem\u00e4\u00df zu entsorgen. <a id=\"step3-2-2\" role=\"button\" class=\"learnmore\">Mehr erfahren<\/a>\n\t\t\t\t<\/p>\n\t\t\t<\/li>\n\t\t\t<li>\n\t\t\t\t<p>Stimmen Sie einem maximalen Besuch von einer Stunde mit Gorillas zu und ermutigen Sie proaktiv den Guide und andere Besucher, diese Regel einzuhalten. <a id=\"step4-1-2\" role=\"button\" class=\"learnmore\">Mehr erfahren<\/a>\n\t\t\t\t<\/p>\n\t\t\t<\/li>\n\t\t\t<li>\n\t\t\t\t<p>Stelle sicher, dass die T\u00f6ne, der Blitz und der Netzwerkempfang auf meiner elektronischen Ausr\u00fcstung ausgeschaltet sind. <a id=\"step4-2-2\" role=\"button\" class=\"learnmore\">Mehr erfahren<\/a>\n\t\t\t\t<\/p>\n\t\t\t<\/li>\n\t\t\t<li>\n\t\t\t\t<p>Nichts hinterlassen oder etwas aus dem Wald nehmen. <a id=\"step5-1-2\" role=\"button\" class=\"learnmore\">Mehr erfahren<\/a>\n\t\t\t\t<\/p>\n\t\t\t<\/li>\n\t\t\t<li>\n\t\t\t\t<p>Ich stelle sicher, dass zu Beginn jedes Tages alle meine Ausr\u00fcstungen gr\u00fcndlich sauber sind. <a id=\"step5-2-2\" role=\"button\" class=\"learnmore\">Mehr erfahren<\/a>\n\t\t\t\t<\/p>\n\t\t\t<\/li>\n\t\t\t<li>\n\t\t\t\t<p>Informieren Sie meinen Parkf\u00fchrer, dass ich das Gorilla-freundliche Versprechen abgelegt habe und Feedback zu meinem Besuch bei den Gorillas geben werde. <a id=\"step6-1-2\" role=\"button\" class=\"learnmore\">Mehr erfahren<\/a>\n\t\t\t\t<\/p>\n\t\t\t<\/li>\n\t\t\t<li>\n\t\t\t\t<p>Geben Sie Feedback zu meinem Besuch, um die \u00dcberwachung der Einhaltung von Gorilla-Vorschriften zu unterst\u00fctzen. <a id=\"step6-2-2\" role=\"button\" class=\"learnmore\">Mehr erfahren<\/a>\n\t\t\t\t<\/p>\n\t\t\t<\/li>\n\t\t<\/ul>\n\t\t<p><span class=\"wpcf7-form-control-wrap\" data-name=\"checkbox-158\"><span class=\"wpcf7-form-control wpcf7-checkbox\"><span class=\"wpcf7-list-item first last\"><label><input type=\"checkbox\" name=\"checkbox-158[]\" value=\"Ich habe das Gorilla-freundliche Versprechen abgelegt und werde durch meine Worte und Taten als Botschafterin f\u00fcr den Schutz der Gorillas und den Schutz ihrer Umwelt arbeiten.\" \/><span class=\"wpcf7-list-item-label\">Ich habe das Gorilla-freundliche Versprechen abgelegt und werde durch meine Worte und Taten als Botschafterin f\u00fcr den Schutz der Gorillas und den Schutz ihrer Umwelt arbeiten.<\/span><\/label><\/span><\/span><\/span>\n\t\t<\/p>\n\t\t<p><span class=\"wpcf7-form-control-wrap\" data-name=\"cookie-consent\"><span class=\"wpcf7-form-control wpcf7-acceptance\"><span class=\"wpcf7-list-item\"><label><input type=\"checkbox\" name=\"cookie-consent\" value=\"1\" class=\"required-consent\" aria-invalid=\"false\" \/><span class=\"wpcf7-list-item-label\">Ich stimme den Nutzungsbedingungen und der <a href=\"\/privacy-policy\/\">Datenschutzrichtlinie<\/a> zu.<\/span><\/label><\/span><\/span><\/span><br \/>\n<small class=\"cookie-remark\"><strong>Bemerkung:<\/strong> Wir sammeln Ihre Daten zu Marketingzwecken. Wir respektieren jedoch Ihre Datenschutzrechte. Wenn Sie auf personenbezogene Daten zugreifen oder diese \u00e4ndern m\u00f6chten, die wir \u00fcber Sie besitzen, oder darum bitten, dass wir Informationen \u00fcber Sie l\u00f6schen, die wir gesammelt haben, senden Sie uns bitte eine <a href=\"mailto:in**@*************ly.org\" data-original-string=\"z8XwSPBk5ehtXpabeGBk+A==c01txbES+A9xOn\/Tzl0C7+RZers49z8L+EUqvfLrcvTnrs=\" title=\"Dieser Kontakt wurde von Anti-Spam by CleanTalk verschl\u00fcsselt. Klicken Sie hier, um ihn zu entschl\u00fcsseln. Um die Entschl\u00fcsselung abzuschlie\u00dfen, stellen Sie sicher, dass JavaScript in Ihrem Browser aktiviert ist.\" target=\"_blank\">E-Mail: <span \n                data-original-string='M8tnlsXq9pK7brBBGkQaUw==c01gJN9CTs4GVWisZh0t+CmemtnT2gJnJJ0HQsDZ5C1\/10='\n                class='apbct-email-encoder'\n                title='Dieser Kontakt wurde von Anti-Spam by CleanTalk verschl\u00fcsselt. Klicken Sie hier, um ihn zu entschl\u00fcsseln. Um die Entschl\u00fcsselung abzuschlie\u00dfen, stellen Sie sicher, dass JavaScript in Ihrem Browser aktiviert ist.'>in<span class=\"apbct-blur\">**<\/span>@<span class=\"apbct-blur\">*************<\/span>ly.org<\/span><\/a> <\/small>\n\t\t<\/p>\n\t<\/div>\n\t<p><input class=\"wpcf7-form-control wpcf7-submit has-spinner next\" type=\"submit\" value=\"SENDEN\" \/>\n\t<\/p>\n<\/div><input type=\"hidden\" id=\"ct_checkjs_cf7_6da9003b743b65f4c0ccd295cc484e57\" name=\"ct_checkjs_cf7\" value=\"0\" \/><script >setTimeout(function(){var ct_input_name = \"ct_checkjs_cf7_6da9003b743b65f4c0ccd295cc484e57\";if (document.getElementById(ct_input_name) !== null) {var ct_input_value = document.getElementById(ct_input_name).value;document.getElementById(ct_input_name).value = document.getElementById(ct_input_name).value.replace(ct_input_value, '6f7aaa1930d932c33f016aa0bf4d5421d9906136bed2b23ee5068e5dcaa5d3cd');}}, 1000);<\/script><input\n                    class=\"apbct_special_field apbct_email_id__wp_contact_form_7\"\n                    name=\"apbct__email_id__wp_contact_form_7\"\n                    aria-label=\"Kontaktformular\"\n                    type=\"text\" size=\"30\" maxlength=\"200\" autocomplete=\"off\"\n                    value=\"\"\n                \/><input type='hidden' class='wpcf7-pum' value='{\"closepopup\":false,\"closedelay\":0,\"openpopup\":false,\"openpopup_id\":0}' \/><div class=\"wpcf7-response-output\" aria-hidden=\"true\"><\/div>\n<input\n                    class=\"apbct_special_field apbct_email_id__elementor_form\"\n                    name=\"apbct__email_id__elementor_form\"\n                    aria-label=\"Kontaktformular\"\n                    type=\"text\" size=\"30\" maxlength=\"200\" autocomplete=\"off\"\n                    value=\"\"\n                \/><\/form>\n<\/div>\n<\/div>\n            <\/div>\t\t\t\t<\/div>\n\t\t\t\t<\/div>\n\t\t\t\t\t<\/div>\n\t\t<\/div>\n\t\t\t\t\t<\/div>\n\t\t<\/section>\n\t\t\t\t<\/div>\n\t\t","protected":false},"excerpt":{"rendered":"<p>GORILLA FRIENDLY PLEDGE &#8212;Please choose an option&#8212;Bwindi Impenetrable NPMgahinga Gorilla NPVirunga NPVolcanoes NPKahuzi-Biega NPNouabal\u00e9-Ndoki NPOdzala-Kokoua National ParkWill not be visiting but interested in gorilla conservation recognize that Gorillas are endangered (with most subspecies classified as critically endangered) and that by actively adhering to the Gorilla visitation regulations, I play an important role in their protection [&hellip;]<\/p>\n","protected":false},"author":10,"featured_media":0,"parent":0,"menu_order":0,"comment_status":"closed","ping_status":"closed","template":"","meta":{"site-sidebar-layout":"no-sidebar","site-content-layout":"page-builder","ast-site-content-layout":"full-width-container","site-content-style":"default","site-sidebar-style":"default","ast-global-header-display":"","ast-banner-title-visibility":"","ast-main-header-display":"","ast-hfb-above-header-display":"","ast-hfb-below-header-display":"","ast-hfb-mobile-header-display":"","site-post-title":"","ast-breadcrumbs-content":"","ast-featured-img":"disabled","footer-sml-layout":"","ast-disable-related-posts":"","theme-transparent-header-meta":"","adv-header-id-meta":"","stick-header-meta":"","header-above-stick-meta":"","header-main-stick-meta":"","header-below-stick-meta":"","astra-migrate-meta-layouts":"default","ast-page-background-enabled":"default","ast-page-background-meta":{"desktop":{"background-color":"","background-image":"","background-repeat":"repeat","background-position":"center center","background-size":"auto","background-attachment":"scroll","background-type":"","background-media":"","overlay-type":"","overlay-color":"","overlay-opacity":"","overlay-gradient":""},"tablet":{"background-color":"","background-image":"","background-repeat":"repeat","background-position":"center center","background-size":"auto","background-attachment":"scroll","background-type":"","background-media":"","overlay-type":"","overlay-color":"","overlay-opacity":"","overlay-gradient":""},"mobile":{"background-color":"","background-image":"","background-repeat":"repeat","background-position":"center center","background-size":"auto","background-attachment":"scroll","background-type":"","background-media":"","overlay-type":"","overlay-color":"","overlay-opacity":"","overlay-gradient":""}},"ast-content-background-meta":{"desktop":{"background-color":"var(--ast-global-color-5)","background-image":"","background-repeat":"repeat","background-position":"center center","background-size":"auto","background-attachment":"scroll","background-type":"","background-media":"","overlay-type":"","overlay-color":"","overlay-opacity":"","overlay-gradient":""},"tablet":{"background-color":"var(--ast-global-color-5)","background-image":"","background-repeat":"repeat","background-position":"center center","background-size":"auto","background-attachment":"scroll","background-type":"","background-media":"","overlay-type":"","overlay-color":"","overlay-opacity":"","overlay-gradient":""},"mobile":{"background-color":"var(--ast-global-color-5)","background-image":"","background-repeat":"repeat","background-position":"center center","background-size":"auto","background-attachment":"scroll","background-type":"","background-media":"","overlay-type":"","overlay-color":"","overlay-opacity":"","overlay-gradient":""}},"footnotes":""},"class_list":["post-591781","page","type-page","status-publish","hentry"],"_links":{"self":[{"href":"https:\/\/gorillafriendly.org\/de\/wp-json\/wp\/v2\/pages\/591781","targetHints":{"allow":["GET"]}}],"collection":[{"href":"https:\/\/gorillafriendly.org\/de\/wp-json\/wp\/v2\/pages"}],"about":[{"href":"https:\/\/gorillafriendly.org\/de\/wp-json\/wp\/v2\/types\/page"}],"author":[{"embeddable":true,"href":"https:\/\/gorillafriendly.org\/de\/wp-json\/wp\/v2\/users\/10"}],"replies":[{"embeddable":true,"href":"https:\/\/gorillafriendly.org\/de\/wp-json\/wp\/v2\/comments?post=591781"}],"version-history":[{"count":1,"href":"https:\/\/gorillafriendly.org\/de\/wp-json\/wp\/v2\/pages\/591781\/revisions"}],"predecessor-version":[{"id":591782,"href":"https:\/\/gorillafriendly.org\/de\/wp-json\/wp\/v2\/pages\/591781\/revisions\/591782"}],"wp:attachment":[{"href":"https:\/\/gorillafriendly.org\/de\/wp-json\/wp\/v2\/media?parent=591781"}],"curies":[{"name":"wp","href":"https:\/\/api.w.org\/{rel}","templated":true}]}}