{"id":1639,"date":"2020-02-21T16:06:23","date_gmt":"2020-02-21T16:06:23","guid":{"rendered":"https:\/\/localhost\/gorilla\/homepage\/"},"modified":"2023-03-21T06:27:18","modified_gmt":"2023-03-21T10:27:18","slug":"homepage","status":"publish","type":"page","link":"https:\/\/gorillafriendly.org\/fr\/","title":{"rendered":"Homepage"},"content":{"rendered":"\t\t<div data-elementor-type=\"wp-page\" data-elementor-id=\"1639\" class=\"elementor elementor-1639 elementor-9\" data-elementor-post-type=\"page\">\n\t\t\t\t\t\t<section data-particle_enable=\"false\" data-particle-mobile-disabled=\"false\" class=\"elementor-section elementor-top-section elementor-element elementor-element-519b81a elementor-section-full_width elementor-section-height-default elementor-section-height-default\" data-id=\"519b81a\" data-element_type=\"section\" data-e-type=\"section\">\n\t\t\t\t\t\t<div class=\"elementor-container elementor-column-gap-default\">\n\t\t\t\t\t<div class=\"elementor-column elementor-col-100 elementor-top-column elementor-element elementor-element-76e08778\" data-id=\"76e08778\" data-element_type=\"column\" data-e-type=\"column\">\n\t\t\t<div class=\"elementor-widget-wrap elementor-element-populated\">\n\t\t\t\t\t\t<div class=\"elementor-element elementor-element-62f7c635 hp-banner elementor-widget elementor-widget-image-carousel\" data-id=\"62f7c635\" data-element_type=\"widget\" data-e-type=\"widget\" data-settings=\"{&quot;slides_to_show&quot;:&quot;1&quot;,&quot;pause_on_hover&quot;:&quot;no&quot;,&quot;pause_on_interaction&quot;:&quot;no&quot;,&quot;autoplay_speed&quot;:7500,&quot;speed&quot;:1000,&quot;navigation&quot;:&quot;none&quot;,&quot;autoplay&quot;:&quot;yes&quot;,&quot;infinite&quot;:&quot;yes&quot;,&quot;effect&quot;:&quot;slide&quot;}\" data-widget_type=\"image-carousel.default\">\n\t\t\t\t<div class=\"elementor-widget-container\">\n\t\t\t\t\t\t\t<div class=\"elementor-image-carousel-wrapper swiper\" role=\"region\" aria-roledescription=\"carousel\" aria-label=\"Carrousel d\u2019images\" dir=\"ltr\">\n\t\t\t<div class=\"elementor-image-carousel swiper-wrapper swiper-image-stretch\" aria-live=\"off\">\n\t\t\t\t\t\t\t\t<div class=\"swiper-slide\" role=\"group\" aria-roledescription=\"slide\" aria-label=\"Carrousel d\u2019images\"><figure class=\"swiper-slide-inner\"><img data-opt-id=1410842527  fetchpriority=\"high\" loading=\"eager\" decoding=\"async\" class=\"swiper-slide-image\" src=\"https:\/\/mlwn1xkaawdl.i.optimole.com\/cb:OrhF~55e81\/w:auto\/h:auto\/q:mauto\/f:best\/ig:avif\/https:\/\/gorillafriendly.org\/wp-content\/uploads\/2023\/03\/banner-gorillafriendly-03.jpg\" alt=\"En faisant un pas suppl\u00e9mentaire et en vous engageant - respectueux des gorilles, vous vous engagez davantage envers les gorilles. photo gracieuset\u00e9 de Jon Erickson\" \/><figcaption class=\"elementor-image-carousel-caption\">En faisant un pas suppl\u00e9mentaire et en vous engageant - respectueux des gorilles, vous vous engagez davantage envers les gorilles. <br \/><small>photo gracieuset\u00e9 de Jon Erickson<\/small><\/figcaption><\/figure><\/div><div class=\"swiper-slide\" role=\"group\" aria-roledescription=\"slide\" aria-label=\"Carrousel d\u2019images\"><figure class=\"swiper-slide-inner\"><img data-opt-id=1465413813  fetchpriority=\"high\" loading=\"eager\" decoding=\"async\" class=\"swiper-slide-image\" src=\"https:\/\/mlwn1xkaawdl.i.optimole.com\/cb:OrhF~55e81\/w:auto\/h:auto\/q:mauto\/f:best\/ig:avif\/https:\/\/gorillafriendly.org\/wp-content\/uploads\/2023\/03\/banner-gorillafriendly-04.jpg\" alt=\"L&#039;Eng\u00e1gement vous guide \u00e0 travers 10 choses simples \u00e0 s&#039;engager \u00e0 faire avant , pendant et apr\u00e8s votre visite aux gorilles.\" \/><figcaption class=\"elementor-image-carousel-caption\">L'<strong>Eng\u00e1gement<\/strong> vous guide \u00e0 travers 10 choses simples \u00e0 s'engager \u00e0 faire <strong>avant<\/strong> , <strong>pendant<\/strong> et <strong>apr\u00e8s<\/strong> votre visite aux gorilles.<\/figcaption><\/figure><\/div><div class=\"swiper-slide\" role=\"group\" aria-roledescription=\"slide\" aria-label=\"Carrousel d\u2019images\"><figure class=\"swiper-slide-inner\"><img data-opt-id=79078802  fetchpriority=\"high\" loading=\"eager\" decoding=\"async\" class=\"swiper-slide-image\" src=\"https:\/\/mlwn1xkaawdl.i.optimole.com\/cb:OrhF~55e81\/w:auto\/h:auto\/q:mauto\/f:best\/ig:avif\/https:\/\/gorillafriendly.org\/wp-content\/uploads\/2023\/03\/banner-gorillafriendly-02.jpg\" alt=\"Obtenez votre certificat d&#039;eng\u00e1gement et partagez-le!\" \/><figcaption class=\"elementor-image-carousel-caption\">Obtenez votre <strong>certificat d'eng\u00e1gement<\/strong> et <strong>partagez-le<\/strong>!<\/figcaption><\/figure><\/div><div class=\"swiper-slide\" role=\"group\" aria-roledescription=\"slide\" aria-label=\"Carrousel d\u2019images\"><figure class=\"swiper-slide-inner\"><img data-opt-id=1067095971  loading=\"lazy\" decoding=\"async\" class=\"swiper-slide-image\" src=\"https:\/\/mlwn1xkaawdl.i.optimole.com\/cb:OrhF~55e81\/w:auto\/h:auto\/q:mauto\/f:best\/ig:avif\/https:\/\/gorillafriendly.org\/wp-content\/uploads\/2023\/03\/banner-gorillafriendly-01.jpg\" alt=\"En visitant les gorille \u00e0 l&#039;\u00e9tat sauvage gr\u00e2ce au tourisme organis\u00e9, vous contribuez \u00e0 leur survie.\" \/><figcaption class=\"elementor-image-carousel-caption\"><strong>En visitant<\/strong> les gorille \u00e0 l'\u00e9tat sauvage gr\u00e2ce au tourisme organis\u00e9, <strong>vous contribuez<\/strong> \u00e0 leur survie.<\/figcaption><\/figure><\/div><div class=\"swiper-slide\" role=\"group\" aria-roledescription=\"slide\" aria-label=\"Carrousel d\u2019images\"><figure class=\"swiper-slide-inner\"><img data-opt-id=871440965  loading=\"lazy\" decoding=\"async\" class=\"swiper-slide-image\" src=\"https:\/\/mlwn1xkaawdl.i.optimole.com\/cb:OrhF~55e81\/w:auto\/h:auto\/q:mauto\/f:best\/ig:avif\/https:\/\/gorillafriendly.org\/wp-content\/uploads\/2023\/03\/banner-gorillafriendly-05.jpg\" alt=\"N&#039;oubliez pas de partager votre exp\u00e9rience et vos commentaires en r\u00e9pondant au court sondage &quot;Apr\u00e8s votre visite&quot;\" \/><figcaption class=\"elementor-image-carousel-caption\">N'oubliez pas de <strong>partager votre exp\u00e9rience et vos commentaires<\/strong> en r\u00e9pondant au court sondage \"Apr\u00e8s votre visite\"<\/figcaption><\/figure><\/div>\t\t\t<\/div>\n\t\t\t\t\t\t\t\n\t\t\t\t\t\t\t\t\t<\/div>\n\t\t\t\t\t\t<\/div>\n\t\t\t\t<\/div>\n\t\t\t\t\t<\/div>\n\t\t<\/div>\n\t\t\t\t\t<\/div>\n\t\t<\/section>\n\t\t\t\t<section data-particle_enable=\"false\" data-particle-mobile-disabled=\"false\" class=\"elementor-section elementor-top-section elementor-element elementor-element-e482b9b menu-bar elementor-section-boxed elementor-section-height-default elementor-section-height-default\" data-id=\"e482b9b\" data-element_type=\"section\" data-e-type=\"section\">\n\t\t\t\t\t\t<div class=\"elementor-container elementor-column-gap-default\">\n\t\t\t\t\t<div class=\"elementor-column elementor-col-100 elementor-top-column elementor-element elementor-element-218824c9\" data-id=\"218824c9\" data-element_type=\"column\" data-e-type=\"column\">\n\t\t\t<div class=\"elementor-widget-wrap elementor-element-populated\">\n\t\t\t\t\t\t<section data-particle_enable=\"false\" data-particle-mobile-disabled=\"false\" class=\"elementor-section elementor-inner-section elementor-element elementor-element-410bc044 elementor-section-boxed elementor-section-height-default elementor-section-height-default\" data-id=\"410bc044\" data-element_type=\"section\" data-e-type=\"section\">\n\t\t\t\t\t\t<div class=\"elementor-container elementor-column-gap-default\">\n\t\t\t\t\t<div class=\"elementor-column elementor-col-50 elementor-inner-column elementor-element elementor-element-118e1b61\" data-id=\"118e1b61\" data-element_type=\"column\" data-e-type=\"column\" data-settings=\"{&quot;background_background&quot;:&quot;classic&quot;}\">\n\t\t\t<div class=\"elementor-widget-wrap elementor-element-populated\">\n\t\t\t\t\t\t<div class=\"elementor-element elementor-element-61b29dd8 elementor-widget__width-initial elementor-widget-tablet__width-initial elementor-widget elementor-widget-image\" data-id=\"61b29dd8\" data-element_type=\"widget\" data-e-type=\"widget\" data-widget_type=\"image.default\">\n\t\t\t\t<div class=\"elementor-widget-container\">\n\t\t\t\t\t\t\t\t\t\t\t\t\t\t\t\t<a href=\"https:\/\/gorillafriendly.org\/fr\/emplacements\/\">\n\t\t\t\t\t\t\t<img data-opt-id=406399804  loading=\"lazy\" decoding=\"async\" width=\"66\" height=\"66\" src=\"https:\/\/mlwn1xkaawdl.i.optimole.com\/cb:OrhF~55e81\/w:auto\/h:auto\/q:mauto\/f:best\/ig:avif\/https:\/\/gorillafriendly.org\/wp-content\/uploads\/2023\/03\/pin.png\" class=\"attachment-thumbnail size-thumbnail wp-image-95134\" alt=\"\" \/>\t\t\t\t\t\t\t\t<\/a>\n\t\t\t\t\t\t\t\t\t\t\t\t\t\t\t<\/div>\n\t\t\t\t<\/div>\n\t\t\t\t<div class=\"elementor-element elementor-element-7969d2f6 elementor-widget__width-initial elementor-widget elementor-widget-heading\" data-id=\"7969d2f6\" data-element_type=\"widget\" data-e-type=\"widget\" data-widget_type=\"heading.default\">\n\t\t\t\t<div class=\"elementor-widget-container\">\n\t\t\t\t\t<h3 class=\"elementor-heading-title elementor-size-default\"><a href=\"https:\/\/gorillafriendly.org\/fr\/emplacements\/\">DERNIER HABITAT DES GORILLES<\/a><\/h3>\t\t\t\t<\/div>\n\t\t\t\t<\/div>\n\t\t\t\t\t<\/div>\n\t\t<\/div>\n\t\t\t\t<div class=\"elementor-column elementor-col-50 elementor-inner-column elementor-element elementor-element-71726987\" data-id=\"71726987\" data-element_type=\"column\" data-e-type=\"column\" data-settings=\"{&quot;background_background&quot;:&quot;classic&quot;}\">\n\t\t\t<div class=\"elementor-widget-wrap elementor-element-populated\">\n\t\t\t\t\t\t<div class=\"elementor-element elementor-element-52645a69 elementor-widget__width-auto elementor-widget-tablet__width-initial elementor-widget elementor-widget-heading\" data-id=\"52645a69\" data-element_type=\"widget\" data-e-type=\"widget\" data-widget_type=\"heading.default\">\n\t\t\t\t<div class=\"elementor-widget-container\">\n\t\t\t\t\t<h3 class=\"elementor-heading-title elementor-size-default\"><a href=\"https:\/\/gorillafriendly.org\/fr\/engagement\/\">SOYEZ AMIS DES GORILLES<\/a><\/h3>\t\t\t\t<\/div>\n\t\t\t\t<\/div>\n\t\t\t\t<div class=\"elementor-element elementor-element-18b0240b elementor-widget__width-auto elementor-widget-tablet__width-initial elementor-widget elementor-widget-image\" data-id=\"18b0240b\" data-element_type=\"widget\" data-e-type=\"widget\" data-widget_type=\"image.default\">\n\t\t\t\t<div class=\"elementor-widget-container\">\n\t\t\t\t\t\t\t\t\t\t\t\t\t\t\t\t<a href=\"https:\/\/gorillafriendly.org\/fr\/engagement\/\">\n\t\t\t\t\t\t\t<img data-opt-id=1005518250  loading=\"lazy\" decoding=\"async\" width=\"67\" height=\"66\" src=\"https:\/\/mlwn1xkaawdl.i.optimole.com\/cb:OrhF~55e81\/w:auto\/h:auto\/q:mauto\/f:best\/ig:avif\/https:\/\/gorillafriendly.org\/wp-content\/uploads\/2023\/03\/pledge-small.png\" class=\"attachment-thumbnail size-thumbnail wp-image-95137\" alt=\"\" \/>\t\t\t\t\t\t\t\t<\/a>\n\t\t\t\t\t\t\t\t\t\t\t\t\t\t\t<\/div>\n\t\t\t\t<\/div>\n\t\t\t\t\t<\/div>\n\t\t<\/div>\n\t\t\t\t\t<\/div>\n\t\t<\/section>\n\t\t\t\t\t<\/div>\n\t\t<\/div>\n\t\t\t\t\t<\/div>\n\t\t<\/section>\n\t\t\t\t<\/div>\n\t\t","protected":false},"excerpt":{"rendered":"<p>En faisant un pas suppl\u00e9mentaire et en vous engageant &#8211; respectueux des gorilles, vous vous engagez davantage envers les gorilles. photo gracieuset\u00e9 de Jon Erickson L&rsquo;Eng\u00e1gement vous guide \u00e0 travers 10 choses simples \u00e0 s&rsquo;engager \u00e0 faire avant , pendant et apr\u00e8s votre visite aux gorilles. Obtenez votre certificat d&rsquo;eng\u00e1gement et partagez-le! En visitant les [&hellip;]<\/p>\n","protected":false},"author":3,"featured_media":0,"parent":0,"menu_order":0,"comment_status":"closed","ping_status":"closed","template":"elementor_header_footer","meta":{"site-sidebar-layout":"no-sidebar","site-content-layout":"page-builder","ast-site-content-layout":"full-width-container","site-content-style":"unboxed","site-sidebar-style":"unboxed","ast-global-header-display":"","ast-banner-title-visibility":"","ast-main-header-display":"","ast-hfb-above-header-display":"","ast-hfb-below-header-display":"","ast-hfb-mobile-header-display":"","site-post-title":"disabled","ast-breadcrumbs-content":"","ast-featured-img":"disabled","footer-sml-layout":"","ast-disable-related-posts":"","theme-transparent-header-meta":"default","adv-header-id-meta":"","stick-header-meta":"","header-above-stick-meta":"","header-main-stick-meta":"","header-below-stick-meta":"","astra-migrate-meta-layouts":"default","ast-page-background-enabled":"default","ast-page-background-meta":{"desktop":{"background-color":"","background-image":"","background-repeat":"repeat","background-position":"center center","background-size":"auto","background-attachment":"scroll","background-type":"","background-media":"","overlay-type":"","overlay-color":"","overlay-opacity":"","overlay-gradient":""},"tablet":{"background-color":"","background-image":"","background-repeat":"repeat","background-position":"center center","background-size":"auto","background-attachment":"scroll","background-type":"","background-media":"","overlay-type":"","overlay-color":"","overlay-opacity":"","overlay-gradient":""},"mobile":{"background-color":"","background-image":"","background-repeat":"repeat","background-position":"center center","background-size":"auto","background-attachment":"scroll","background-type":"","background-media":"","overlay-type":"","overlay-color":"","overlay-opacity":"","overlay-gradient":""}},"ast-content-background-meta":{"desktop":{"background-color":"var(--ast-global-color-5)","background-image":"","background-repeat":"repeat","background-position":"center center","background-size":"auto","background-attachment":"scroll","background-type":"","background-media":"","overlay-type":"","overlay-color":"","overlay-opacity":"","overlay-gradient":""},"tablet":{"background-color":"var(--ast-global-color-5)","background-image":"","background-repeat":"repeat","background-position":"center center","background-size":"auto","background-attachment":"scroll","background-type":"","background-media":"","overlay-type":"","overlay-color":"","overlay-opacity":"","overlay-gradient":""},"mobile":{"background-color":"var(--ast-global-color-5)","background-image":"","background-repeat":"repeat","background-position":"center center","background-size":"auto","background-attachment":"scroll","background-type":"","background-media":"","overlay-type":"","overlay-color":"","overlay-opacity":"","overlay-gradient":""}},"footnotes":""},"class_list":["post-1639","page","type-page","status-publish","hentry"],"_links":{"self":[{"href":"https:\/\/gorillafriendly.org\/fr\/wp-json\/wp\/v2\/pages\/1639","targetHints":{"allow":["GET"]}}],"collection":[{"href":"https:\/\/gorillafriendly.org\/fr\/wp-json\/wp\/v2\/pages"}],"about":[{"href":"https:\/\/gorillafriendly.org\/fr\/wp-json\/wp\/v2\/types\/page"}],"author":[{"embeddable":true,"href":"https:\/\/gorillafriendly.org\/fr\/wp-json\/wp\/v2\/users\/3"}],"replies":[{"embeddable":true,"href":"https:\/\/gorillafriendly.org\/fr\/wp-json\/wp\/v2\/comments?post=1639"}],"version-history":[{"count":34,"href":"https:\/\/gorillafriendly.org\/fr\/wp-json\/wp\/v2\/pages\/1639\/revisions"}],"predecessor-version":[{"id":95766,"href":"https:\/\/gorillafriendly.org\/fr\/wp-json\/wp\/v2\/pages\/1639\/revisions\/95766"}],"wp:attachment":[{"href":"https:\/\/gorillafriendly.org\/fr\/wp-json\/wp\/v2\/media?parent=1639"}],"curies":[{"name":"wp","href":"https:\/\/api.w.org\/{rel}","templated":true}]}}