{"id":591620,"date":"2026-02-27T12:52:55","date_gmt":"2026-02-27T17:52:55","guid":{"rendered":"https:\/\/gorillafriendly.org\/politique-en-matiere-de-cookies\/"},"modified":"2026-02-27T12:52:55","modified_gmt":"2026-02-27T17:52:55","slug":"politique-en-matiere-de-cookies","status":"publish","type":"page","link":"https:\/\/gorillafriendly.org\/fr\/politique-en-matiere-de-cookies\/","title":{"rendered":"Politique en mati\u00e8re de cookies"},"content":{"rendered":"\t\t<div data-elementor-type=\"wp-page\" data-elementor-id=\"591620\" class=\"elementor elementor-591620 elementor-100424\" data-elementor-post-type=\"page\">\n\t\t\t\t\t\t<section data-particle_enable=\"false\" data-particle-mobile-disabled=\"false\" class=\"elementor-section elementor-top-section elementor-element elementor-element-24aeee7 elementor-section-boxed elementor-section-height-default elementor-section-height-default\" data-id=\"24aeee7\" data-element_type=\"section\" data-e-type=\"section\">\n\t\t\t\t\t\t<div class=\"elementor-container elementor-column-gap-default\">\n\t\t\t\t\t<div class=\"elementor-column elementor-col-100 elementor-top-column elementor-element elementor-element-1e1fc4f\" data-id=\"1e1fc4f\" data-element_type=\"column\" data-e-type=\"column\">\n\t\t\t<div class=\"elementor-widget-wrap elementor-element-populated\">\n\t\t\t\t\t\t<div class=\"elementor-element elementor-element-a571053 elementor-widget elementor-widget-heading\" data-id=\"a571053\" data-element_type=\"widget\" data-e-type=\"widget\" data-widget_type=\"heading.default\">\n\t\t\t\t<div class=\"elementor-widget-container\">\n\t\t\t\t\t<h1 class=\"elementor-heading-title elementor-size-default\">Cookies Policy<\/h1>\t\t\t\t<\/div>\n\t\t\t\t<\/div>\n\t\t\t\t<div class=\"elementor-element elementor-element-d344a44 elementor-widget elementor-widget-text-editor\" data-id=\"d344a44\" data-element_type=\"widget\" data-e-type=\"widget\" data-widget_type=\"text-editor.default\">\n\t\t\t\t<div class=\"elementor-widget-container\">\n\t\t\t\t\t\t\t\t\tThe Gorilla Friendly website uses cookies to help optimize your browsing experience. Learn more about cookies and how you can control them below.\t\t\t\t\t\t\t\t<\/div>\n\t\t\t\t<\/div>\n\t\t\t\t<div class=\"elementor-element elementor-element-72328b9 elementor-widget elementor-widget-heading\" data-id=\"72328b9\" data-element_type=\"widget\" data-e-type=\"widget\" data-widget_type=\"heading.default\">\n\t\t\t\t<div class=\"elementor-widget-container\">\n\t\t\t\t\t<h2 class=\"elementor-heading-title elementor-size-default\">What are \u201cCookies\u201d?<\/h2>\t\t\t\t<\/div>\n\t\t\t\t<\/div>\n\t\t\t\t<div class=\"elementor-element elementor-element-7cafd55 elementor-widget elementor-widget-text-editor\" data-id=\"7cafd55\" data-element_type=\"widget\" data-e-type=\"widget\" data-widget_type=\"text-editor.default\">\n\t\t\t\t<div class=\"elementor-widget-container\">\n\t\t\t\t\t\t\t\t\tCookies are small text files used by websites and stored on your devices, with your consent, that remember your registered login, help you resume where your last browsing session left off, display pages correctly, and keep track of your preferences within the website. \t\t\t\t\t\t\t\t<\/div>\n\t\t\t\t<\/div>\n\t\t\t\t<div class=\"elementor-element elementor-element-c8d1e18 elementor-widget elementor-widget-heading\" data-id=\"c8d1e18\" data-element_type=\"widget\" data-e-type=\"widget\" data-widget_type=\"heading.default\">\n\t\t\t\t<div class=\"elementor-widget-container\">\n\t\t\t\t\t<h2 class=\"elementor-heading-title elementor-size-default\">A visit to a page on our website may generate the following types of cookies:<\/h2>\t\t\t\t<\/div>\n\t\t\t\t<\/div>\n\t\t\t\t<div class=\"elementor-element elementor-element-2026af2 elementor-widget elementor-widget-text-editor\" data-id=\"2026af2\" data-element_type=\"widget\" data-e-type=\"widget\" data-widget_type=\"text-editor.default\">\n\t\t\t\t<div class=\"elementor-widget-container\">\n\t\t\t\t\t\t\t\t\t<b>Registration cookies &#8211;<\/b><span style=\"font-weight: 400;\"> These let us know which account you are signed in with and whether or not you are allowed access to a particular service, and they help us associate any comments you post with your username.<\/span>\n\n<b>Site performance cookies &#8211;<\/b><span style=\"font-weight: 400;\"> This is how we remember your preferences for the tools found on our website so you don\u2019t have to reset them each time you visit our site.<\/span>\n\n<b>Anonymous analytics cookies &#8211;<\/b><span style=\"font-weight: 400;\"> These tell us whether or not someone has visited our site in the past so we can track the number of site users and how often they visit for statistics. Note that these cookies can\u2019t be used to identify any individual.<\/span>\n\n<b>Advertising cookies &#8211;<\/b><span style=\"font-weight: 400;\"> We use these to target our advertisement more accurately by telling us whether or not you have seen our ad and how long it is since you have seen it. These cookies store information about what you are looking at on our site, not your personal information.<\/span>\t\t\t\t\t\t\t\t<\/div>\n\t\t\t\t<\/div>\n\t\t\t\t<div class=\"elementor-element elementor-element-7562a33 elementor-widget elementor-widget-heading\" data-id=\"7562a33\" data-element_type=\"widget\" data-e-type=\"widget\" data-widget_type=\"heading.default\">\n\t\t\t\t<div class=\"elementor-widget-container\">\n\t\t\t\t\t<h2 class=\"elementor-heading-title elementor-size-default\">How to accept, reject or turn off cookies<\/h2>\t\t\t\t<\/div>\n\t\t\t\t<\/div>\n\t\t\t\t<div class=\"elementor-element elementor-element-a38581e elementor-widget elementor-widget-text-editor\" data-id=\"a38581e\" data-element_type=\"widget\" data-e-type=\"widget\" data-widget_type=\"text-editor.default\">\n\t\t\t\t<div class=\"elementor-widget-container\">\n\t\t\t\t\t\t\t\t\t<p>You can accept or reject cookies on our website via the pop-up cookies banner on our homepage or by emailing us at <a href=\"mailto:in**@*************ly.org\" data-original-string=\"KerDLZ+7u68hxsam+2H\/3w==c01duFUaCHlj4gyZUzA9Ho+Ylt810ks1DwXHBJUzh79KC8=\" title=\"This contact has been encoded by Anti-Spam by CleanTalk. Click to decode. To finish the decoding make sure that JavaScript is enabled in your browser.\" rel=\"noreferrer\"><span \n                data-original-string='EXOLtouV8CDHhzhk8g1RlA==c01RHkzJcpzERxShadLQafb8PwV\/lOB6m1kJJgdBOc9dM0='\n                class='apbct-email-encoder'\n                title='This contact has been encoded by Anti-Spam by CleanTalk. Click to decode. To finish the decoding make sure that JavaScript is enabled in your browser.'>in<span class=\"apbct-blur\">**<\/span>@<span class=\"apbct-blur\">*************<\/span>ly.org<\/span><\/a>.<\/p><p>If you would like to turn off cookies from all the websites you visit, you can do so via your browser\u2019s settings. However, the websites you visit will not be able to tell whether you are signed in if cookies are turned off, which means you will not be able to post comments or access certain parts of the website.<\/p><p>Follow the links below to learn about all of your browser&rsquo;s Cookies settings:<\/p><ul><li>Cookies settings in <a href=\"https:\/\/support.google.com\/chrome\/answer\/95647?hl=en&amp;ref_topic=14666\" target=\"_blank\" rel=\"nofollow noopener\">Chrome<\/a><\/li><li>Cookies settings in <a href=\"https:\/\/support.mozilla.com\/en-US\/kb\/cookies-information-websites-store-on-your-computer?redirectlocale=en-US&amp;redirectslug=Cookies\" target=\"_blank\" rel=\"nofollow noopener\">Firefox<\/a><\/li><li>Cookies settings in <a href=\"https:\/\/support.apple.com\/kb\/PH17191?locale=en_US\" target=\"_blank\" rel=\"nofollow noopener\">Safari <\/a>and <a href=\"https:\/\/support.apple.com\/en-us\/HT201265\" target=\"_blank\" rel=\"nofollow noopener\">iOS<\/a><\/li><li>Cookies settings in <a href=\"https:\/\/support.microsoft.com\/en-us\/help\/17442\/windows-internet-explorer-delete-manage-cookies#ie=ie-10\" target=\"_blank\" rel=\"nofollow noopener\">Internet Explorer <\/a><\/li><\/ul>\t\t\t\t\t\t\t\t<\/div>\n\t\t\t\t<\/div>\n\t\t\t\t<div class=\"elementor-element elementor-element-896997b elementor-widget elementor-widget-heading\" data-id=\"896997b\" data-element_type=\"widget\" data-e-type=\"widget\" data-widget_type=\"heading.default\">\n\t\t\t\t<div class=\"elementor-widget-container\">\n\t\t\t\t\t<h2 class=\"elementor-heading-title elementor-size-default\">How to turn off third-party advertising cookies<\/h2>\t\t\t\t<\/div>\n\t\t\t\t<\/div>\n\t\t\t\t<div class=\"elementor-element elementor-element-94d1cc1 elementor-widget elementor-widget-text-editor\" data-id=\"94d1cc1\" data-element_type=\"widget\" data-e-type=\"widget\" data-widget_type=\"text-editor.default\">\n\t\t\t\t<div class=\"elementor-widget-container\">\n\t\t\t\t\t\t\t\t\t<p><span style=\"font-weight: 400;\">Some of the advertisements you see on a website are added by other organizations anonymously to track who has viewed their ad.<\/span><\/p><p><span style=\"font-weight: 400;\">The Network Advertising Initiative (NAI), a leading self-regulatory association dedicated to responsible data collection and its use for digital advertising, lets you <\/span><a href=\"http:\/\/optout.networkadvertising.org\/?c=1#!\/\" target=\"_blank\" rel=\"nofollow noopener\">opt out of third-party advertisements<\/a>.<\/p>\t\t\t\t\t\t\t\t<\/div>\n\t\t\t\t<\/div>\n\t\t\t\t\t<\/div>\n\t\t<\/div>\n\t\t\t\t\t<\/div>\n\t\t<\/section>\n\t\t\t\t<\/div>\n\t\t","protected":false},"excerpt":{"rendered":"<p>Politique en mati\u00e8re de cookies Le site Gorilla Friendly utilise des cookies pour optimiser votre exp\u00e9rience de navigation. D\u00e9couvrez ci-dessous les cookies et comment les contr\u00f4ler. Qu\u2019est-ce que les \u00ab cookies \u00bb ? Les cookies sont de petits fichiers texte utilis\u00e9s par les sites web et stock\u00e9s sur vos appareils, avec votre consentement, qui m\u00e9morisent [&hellip;]<\/p>\n","protected":false},"author":2,"featured_media":0,"parent":0,"menu_order":0,"comment_status":"closed","ping_status":"closed","template":"elementor_header_footer","meta":{"site-sidebar-layout":"no-sidebar","site-content-layout":"page-builder","ast-site-content-layout":"full-width-container","site-content-style":"default","site-sidebar-style":"default","ast-global-header-display":"","ast-banner-title-visibility":"","ast-main-header-display":"","ast-hfb-above-header-display":"","ast-hfb-below-header-display":"","ast-hfb-mobile-header-display":"","site-post-title":"disabled","ast-breadcrumbs-content":"","ast-featured-img":"disabled","footer-sml-layout":"","ast-disable-related-posts":"","theme-transparent-header-meta":"","adv-header-id-meta":"","stick-header-meta":"","header-above-stick-meta":"","header-main-stick-meta":"","header-below-stick-meta":"","astra-migrate-meta-layouts":"default","ast-page-background-enabled":"default","ast-page-background-meta":{"desktop":{"background-color":"","background-image":"","background-repeat":"repeat","background-position":"center center","background-size":"auto","background-attachment":"scroll","background-type":"","background-media":"","overlay-type":"","overlay-color":"","overlay-opacity":"","overlay-gradient":""},"tablet":{"background-color":"","background-image":"","background-repeat":"repeat","background-position":"center center","background-size":"auto","background-attachment":"scroll","background-type":"","background-media":"","overlay-type":"","overlay-color":"","overlay-opacity":"","overlay-gradient":""},"mobile":{"background-color":"","background-image":"","background-repeat":"repeat","background-position":"center center","background-size":"auto","background-attachment":"scroll","background-type":"","background-media":"","overlay-type":"","overlay-color":"","overlay-opacity":"","overlay-gradient":""}},"ast-content-background-meta":{"desktop":{"background-color":"var(--ast-global-color-5)","background-image":"","background-repeat":"repeat","background-position":"center center","background-size":"auto","background-attachment":"scroll","background-type":"","background-media":"","overlay-type":"","overlay-color":"","overlay-opacity":"","overlay-gradient":""},"tablet":{"background-color":"var(--ast-global-color-5)","background-image":"","background-repeat":"repeat","background-position":"center center","background-size":"auto","background-attachment":"scroll","background-type":"","background-media":"","overlay-type":"","overlay-color":"","overlay-opacity":"","overlay-gradient":""},"mobile":{"background-color":"var(--ast-global-color-5)","background-image":"","background-repeat":"repeat","background-position":"center center","background-size":"auto","background-attachment":"scroll","background-type":"","background-media":"","overlay-type":"","overlay-color":"","overlay-opacity":"","overlay-gradient":""}},"footnotes":""},"class_list":["post-591620","page","type-page","status-publish","hentry"],"_links":{"self":[{"href":"https:\/\/gorillafriendly.org\/fr\/wp-json\/wp\/v2\/pages\/591620","targetHints":{"allow":["GET"]}}],"collection":[{"href":"https:\/\/gorillafriendly.org\/fr\/wp-json\/wp\/v2\/pages"}],"about":[{"href":"https:\/\/gorillafriendly.org\/fr\/wp-json\/wp\/v2\/types\/page"}],"author":[{"embeddable":true,"href":"https:\/\/gorillafriendly.org\/fr\/wp-json\/wp\/v2\/users\/2"}],"replies":[{"embeddable":true,"href":"https:\/\/gorillafriendly.org\/fr\/wp-json\/wp\/v2\/comments?post=591620"}],"version-history":[{"count":0,"href":"https:\/\/gorillafriendly.org\/fr\/wp-json\/wp\/v2\/pages\/591620\/revisions"}],"wp:attachment":[{"href":"https:\/\/gorillafriendly.org\/fr\/wp-json\/wp\/v2\/media?parent=591620"}],"curies":[{"name":"wp","href":"https:\/\/api.w.org\/{rel}","templated":true}]}}