{"id":591621,"date":"2026-02-27T12:52:55","date_gmt":"2026-02-27T17:52:55","guid":{"rendered":"https:\/\/gorillafriendly.org\/politique-de-confidentialite\/"},"modified":"2026-03-17T12:51:05","modified_gmt":"2026-03-17T16:51:05","slug":"politique-de-confidentialite","status":"publish","type":"page","link":"https:\/\/gorillafriendly.org\/fr\/politique-de-confidentialite\/","title":{"rendered":"Politique de confidentialit\u00e9"},"content":{"rendered":"\t\t<div data-elementor-type=\"wp-page\" data-elementor-id=\"591621\" class=\"elementor elementor-591621 elementor-100415\" data-elementor-post-type=\"page\">\n\t\t\t\t\t\t<section data-particle_enable=\"false\" data-particle-mobile-disabled=\"false\" class=\"elementor-section elementor-top-section elementor-element elementor-element-d77b2b1 elementor-section-boxed elementor-section-height-default elementor-section-height-default\" data-id=\"d77b2b1\" data-element_type=\"section\" data-e-type=\"section\">\n\t\t\t\t\t\t<div class=\"elementor-container elementor-column-gap-default\">\n\t\t\t\t\t<div class=\"elementor-column elementor-col-100 elementor-top-column elementor-element elementor-element-d64bed5\" data-id=\"d64bed5\" data-element_type=\"column\" data-e-type=\"column\">\n\t\t\t<div class=\"elementor-widget-wrap elementor-element-populated\">\n\t\t\t\t\t\t<div class=\"elementor-element elementor-element-85d98f1 elementor-widget elementor-widget-heading\" data-id=\"85d98f1\" data-element_type=\"widget\" data-e-type=\"widget\" data-widget_type=\"heading.default\">\n\t\t\t\t<div class=\"elementor-widget-container\">\n\t\t\t\t\t<h1 class=\"elementor-heading-title elementor-size-default\">Politique de confidentialit\u00e9<\/h1>\t\t\t\t<\/div>\n\t\t\t\t<\/div>\n\t\t\t\t<div class=\"elementor-element elementor-element-b09067c elementor-widget elementor-widget-heading\" data-id=\"b09067c\" data-element_type=\"widget\" data-e-type=\"widget\" data-widget_type=\"heading.default\">\n\t\t\t\t<div class=\"elementor-widget-container\">\n\t\t\t\t\t<h2 class=\"elementor-heading-title elementor-size-default\">Notre responsable de gestion des donn\u00e9es<\/h2>\t\t\t\t<\/div>\n\t\t\t\t<\/div>\n\t\t\t\t<div class=\"elementor-element elementor-element-d3c3a7d elementor-widget elementor-widget-text-editor\" data-id=\"d3c3a7d\" data-element_type=\"widget\" data-e-type=\"widget\" data-widget_type=\"text-editor.default\">\n\t\t\t\t<div class=\"elementor-widget-container\">\n\t\t\t\t\t\t\t\t\tGorilla Friendly g\u00e8re les donn\u00e9es personnelles en tant que Traiteur et Contr\u00f4leur. Ces donn\u00e9es sont stock\u00e9es exclusivement dans des h\u00e9bergements s\u00e9curis\u00e9s conform\u00e9ment aux exigences fix\u00e9es par le RGPD. \t\t\t\t\t\t\t\t<\/div>\n\t\t\t\t<\/div>\n\t\t\t\t<div class=\"elementor-element elementor-element-4e2aa3c elementor-widget elementor-widget-heading\" data-id=\"4e2aa3c\" data-element_type=\"widget\" data-e-type=\"widget\" data-widget_type=\"heading.default\">\n\t\t\t\t<div class=\"elementor-widget-container\">\n\t\t\t\t\t<h2 class=\"elementor-heading-title elementor-size-default\">Lois internationales sur la vie priv\u00e9e<\/h2>\t\t\t\t<\/div>\n\t\t\t\t<\/div>\n\t\t\t\t<div class=\"elementor-element elementor-element-a722a0b elementor-widget elementor-widget-text-editor\" data-id=\"a722a0b\" data-element_type=\"widget\" data-e-type=\"widget\" data-widget_type=\"text-editor.default\">\n\t\t\t\t<div class=\"elementor-widget-container\">\n\t\t\t\t\t\t\t\t\tSi vous visitez le site depuis l\u2019ext\u00e9rieur du Rwanda, veuillez noter que vous envoyez des informations personnelles au Rwanda. Selon le type d\u2019information et la mani\u00e8re dont nous les stockons, ces informations peuvent \u00eatre transf\u00e9r\u00e9es au Rwanda ou vers d\u2019autres pays en dehors de votre pays de r\u00e9sidence. Bien que ces pays, y compris le Rwanda, puissent ne pas avoir des lois de protection des donn\u00e9es aussi protectrices que celles de votre pays de r\u00e9sidence, notre collecte, notre stockage et notre utilisation de vos informations personnelles seront en permanence r\u00e9gis par cette Politique de confidentialit\u00e9.  \n\n<span style=\"font-weight: 400;\">Pour les informations personnelles que nous recevons de l\u2019EEE, Gorilla Friendly a certifi\u00e9 sa conformit\u00e9 concernant la collecte, l\u2019utilisation et le stockage des informations personnelles provenant des pays de l\u2019Union europ\u00e9enne.  <\/span>\t\t\t\t\t\t\t\t<\/div>\n\t\t\t\t<\/div>\n\t\t\t\t<div class=\"elementor-element elementor-element-34d75ce elementor-widget elementor-widget-heading\" data-id=\"34d75ce\" data-element_type=\"widget\" data-e-type=\"widget\" data-widget_type=\"heading.default\">\n\t\t\t\t<div class=\"elementor-widget-container\">\n\t\t\t\t\t<h2 class=\"elementor-heading-title elementor-size-default\">Comment acc\u00e9der, corriger ou supprimer vos informations<\/h2>\t\t\t\t<\/div>\n\t\t\t\t<\/div>\n\t\t\t\t<div class=\"elementor-element elementor-element-4a57610 elementor-widget elementor-widget-text-editor\" data-id=\"4a57610\" data-element_type=\"widget\" data-e-type=\"widget\" data-widget_type=\"text-editor.default\">\n\t\t\t\t<div class=\"elementor-widget-container\">\n\t\t\t\t\t\t\t\t\t<p>Adresse e-mail : <span \n                data-original-string='wlm71gL02H5NrEvNuCfFZQ==c01wA\/QB9oSsFqmbUa+P3OkNRHA6G\/Andrtlco6hQL2pqY='\n                class='apbct-email-encoder'\n                title='This contact has been encoded by Anti-Spam by CleanTalk. Click to decode. To finish the decoding make sure that JavaScript is enabled in your browser.'>in<span class=\"apbct-blur\">**<\/span>@<span class=\"apbct-blur\">**************<\/span>ly.org<\/span><\/p>\t\t\t\t\t\t\t\t<\/div>\n\t\t\t\t<\/div>\n\t\t\t\t<div class=\"elementor-element elementor-element-4795d53 elementor-widget elementor-widget-text-editor\" data-id=\"4795d53\" data-element_type=\"widget\" data-e-type=\"widget\" data-widget_type=\"text-editor.default\">\n\t\t\t\t<div class=\"elementor-widget-container\">\n\t\t\t\t\t\t\t\t\t<p>Vous pouvez nous contacter pour nous renseigner sur vos informations personnelles identifiables que nous collectons en ligne et conservons. Nous utilisons cette proc\u00e9dure pour mieux prot\u00e9ger vos informations. <\/p><p>Vous pouvez corriger des erreurs factuelles dans vos informations personnelles identifiables en nous envoyant une demande qui d\u00e9montre de mani\u00e8re cr\u00e9dible l\u2019erreur ou les erreurs.<\/p><p>Vous pouvez nous contacter pour supprimer les informations que Gorilla Friendly contient \u00e0 votre sujet.<\/p><p>Pour prot\u00e9ger votre vie priv\u00e9e et votre s\u00e9curit\u00e9, nous prendrons \u00e9galement des mesures raisonnables pour v\u00e9rifier votre identit\u00e9 avant d\u2019accorder l\u2019acc\u00e8s ou d\u2019effectuer des corrections.<\/p><p>Si vous avez des questions, veuillez nous contacter \u00e0 : <a href=\"mailto:in**@*************ly.org\" data-original-string=\"iQ40bS9b+hJb\/rS2kANvXA==c01WJ5EDIhaHzSYKhPVn+IQ4cYNy1QLAhV3iG30LqREk2o=\" title=\"This contact has been encoded by Anti-Spam by CleanTalk. Click to decode. To finish the decoding make sure that JavaScript is enabled in your browser.\"><span \n                data-original-string='4VKOm\/sgZTu2XES+FF5fYA==c01GhZ6r3L2NMqDXmCRVi1puloehkDh+DLnZAUiIbbL6fI='\n                class='apbct-email-encoder'\n                title='This contact has been encoded by Anti-Spam by CleanTalk. Click to decode. To finish the decoding make sure that JavaScript is enabled in your browser.'>in<span class=\"apbct-blur\">**<\/span>@<span class=\"apbct-blur\">*************<\/span>ly.org<\/span><\/a><\/p>\t\t\t\t\t\t\t\t<\/div>\n\t\t\t\t<\/div>\n\t\t\t\t\t<\/div>\n\t\t<\/div>\n\t\t\t\t\t<\/div>\n\t\t<\/section>\n\t\t\t\t<\/div>\n\t\t","protected":false},"excerpt":{"rendered":"<p>Politique de confidentialit\u00e9 Notre responsable de gestion des donn\u00e9es Gorilla Friendly g\u00e8re les donn\u00e9es personnelles en tant que Traiteur et Contr\u00f4leur. Ces donn\u00e9es sont stock\u00e9es exclusivement dans des h\u00e9bergements s\u00e9curis\u00e9s conform\u00e9ment aux exigences fix\u00e9es par le RGPD. Lois internationales sur la vie priv\u00e9e Si vous visitez le site depuis l\u2019ext\u00e9rieur du Rwanda, veuillez noter que [&hellip;]<\/p>\n","protected":false},"author":2,"featured_media":0,"parent":0,"menu_order":0,"comment_status":"closed","ping_status":"closed","template":"elementor_header_footer","meta":{"site-sidebar-layout":"no-sidebar","site-content-layout":"page-builder","ast-site-content-layout":"full-width-container","site-content-style":"default","site-sidebar-style":"default","ast-global-header-display":"","ast-banner-title-visibility":"","ast-main-header-display":"","ast-hfb-above-header-display":"","ast-hfb-below-header-display":"","ast-hfb-mobile-header-display":"","site-post-title":"disabled","ast-breadcrumbs-content":"","ast-featured-img":"disabled","footer-sml-layout":"","ast-disable-related-posts":"","theme-transparent-header-meta":"","adv-header-id-meta":"","stick-header-meta":"","header-above-stick-meta":"","header-main-stick-meta":"","header-below-stick-meta":"","astra-migrate-meta-layouts":"default","ast-page-background-enabled":"default","ast-page-background-meta":{"desktop":{"background-color":"","background-image":"","background-repeat":"repeat","background-position":"center center","background-size":"auto","background-attachment":"scroll","background-type":"","background-media":"","overlay-type":"","overlay-color":"","overlay-opacity":"","overlay-gradient":""},"tablet":{"background-color":"","background-image":"","background-repeat":"repeat","background-position":"center center","background-size":"auto","background-attachment":"scroll","background-type":"","background-media":"","overlay-type":"","overlay-color":"","overlay-opacity":"","overlay-gradient":""},"mobile":{"background-color":"","background-image":"","background-repeat":"repeat","background-position":"center center","background-size":"auto","background-attachment":"scroll","background-type":"","background-media":"","overlay-type":"","overlay-color":"","overlay-opacity":"","overlay-gradient":""}},"ast-content-background-meta":{"desktop":{"background-color":"var(--ast-global-color-5)","background-image":"","background-repeat":"repeat","background-position":"center center","background-size":"auto","background-attachment":"scroll","background-type":"","background-media":"","overlay-type":"","overlay-color":"","overlay-opacity":"","overlay-gradient":""},"tablet":{"background-color":"var(--ast-global-color-5)","background-image":"","background-repeat":"repeat","background-position":"center center","background-size":"auto","background-attachment":"scroll","background-type":"","background-media":"","overlay-type":"","overlay-color":"","overlay-opacity":"","overlay-gradient":""},"mobile":{"background-color":"var(--ast-global-color-5)","background-image":"","background-repeat":"repeat","background-position":"center center","background-size":"auto","background-attachment":"scroll","background-type":"","background-media":"","overlay-type":"","overlay-color":"","overlay-opacity":"","overlay-gradient":""}},"footnotes":""},"class_list":["post-591621","page","type-page","status-publish","hentry"],"_links":{"self":[{"href":"https:\/\/gorillafriendly.org\/fr\/wp-json\/wp\/v2\/pages\/591621","targetHints":{"allow":["GET"]}}],"collection":[{"href":"https:\/\/gorillafriendly.org\/fr\/wp-json\/wp\/v2\/pages"}],"about":[{"href":"https:\/\/gorillafriendly.org\/fr\/wp-json\/wp\/v2\/types\/page"}],"author":[{"embeddable":true,"href":"https:\/\/gorillafriendly.org\/fr\/wp-json\/wp\/v2\/users\/2"}],"replies":[{"embeddable":true,"href":"https:\/\/gorillafriendly.org\/fr\/wp-json\/wp\/v2\/comments?post=591621"}],"version-history":[{"count":5,"href":"https:\/\/gorillafriendly.org\/fr\/wp-json\/wp\/v2\/pages\/591621\/revisions"}],"predecessor-version":[{"id":592096,"href":"https:\/\/gorillafriendly.org\/fr\/wp-json\/wp\/v2\/pages\/591621\/revisions\/592096"}],"wp:attachment":[{"href":"https:\/\/gorillafriendly.org\/fr\/wp-json\/wp\/v2\/media?parent=591621"}],"curies":[{"name":"wp","href":"https:\/\/api.w.org\/{rel}","templated":true}]}}