{"id":591783,"date":"2026-03-03T21:23:11","date_gmt":"2026-03-04T02:23:11","guid":{"rendered":"https:\/\/gorillafriendly.org\/formulaire-test-cf7\/"},"modified":"2026-03-03T21:23:11","modified_gmt":"2026-03-04T02:23:11","slug":"formulaire-test-cf7","status":"publish","type":"page","link":"https:\/\/gorillafriendly.org\/fr\/formulaire-test-cf7\/","title":{"rendered":"Formulaire TEST CF7"},"content":{"rendered":"\t\t<div data-elementor-type=\"wp-page\" data-elementor-id=\"591783\" class=\"elementor elementor-591783\" data-elementor-post-type=\"page\">\n\t\t\t\t\t\t<section data-particle_enable=\"false\" data-particle-mobile-disabled=\"false\" class=\"elementor-section elementor-top-section elementor-element elementor-element-3257193 elementor-section-boxed elementor-section-height-default elementor-section-height-default\" data-id=\"3257193\" data-element_type=\"section\" data-e-type=\"section\">\n\t\t\t\t\t\t<div class=\"elementor-container elementor-column-gap-default\">\n\t\t\t\t\t<div class=\"elementor-column elementor-col-100 elementor-top-column elementor-element elementor-element-c849cbd\" data-id=\"c849cbd\" data-element_type=\"column\" data-e-type=\"column\">\n\t\t\t<div class=\"elementor-widget-wrap elementor-element-populated\">\n\t\t\t\t\t\t<div class=\"elementor-element elementor-element-d686aaa eael-contact-form-7-button-align-left eael-contact-form-7-button-custom elementor-widget elementor-widget-eael-contact-form-7\" data-id=\"d686aaa\" data-element_type=\"widget\" data-e-type=\"widget\" data-widget_type=\"eael-contact-form-7.default\">\n\t\t\t\t<div class=\"elementor-widget-container\">\n\t\t\t\t\t<div class=\"eael-contact-form-7-wrapper\">\n                <div class=\"eael-contact-form eael-contact-form-7 eael-contact-form-d686aaa placeholder-show eael-contact-form-align-default\">\n<div class=\"wpcf7 no-js\" id=\"wpcf7-f591667-o1\" lang=\"fr-FR\" dir=\"ltr\" data-wpcf7-id=\"591667\">\n<div class=\"screen-reader-response\"><p role=\"status\" aria-live=\"polite\" aria-atomic=\"true\"><\/p> <ul><\/ul><\/div>\n<form action=\"\/fr\/wp-json\/wp\/v2\/pages\/591783#wpcf7-f591667-o1\" method=\"post\" class=\"wpcf7-form init\" aria-label=\"Formulaire de contact\" novalidate=\"novalidate\" data-status=\"init\">\n<fieldset class=\"hidden-fields-container\"><input type=\"hidden\" name=\"_wpcf7\" value=\"591667\" \/><input type=\"hidden\" name=\"_wpcf7_version\" value=\"6.1.5\" \/><input type=\"hidden\" name=\"_wpcf7_locale\" value=\"fr_FR\" \/><input type=\"hidden\" name=\"_wpcf7_unit_tag\" value=\"wpcf7-f591667-o1\" \/><input type=\"hidden\" name=\"_wpcf7_container_post\" value=\"0\" \/><input type=\"hidden\" name=\"_wpcf7_posted_data_hash\" value=\"\" \/><input type=\"hidden\" name=\"_wpcf7dtx_version\" value=\"5.0.5\" \/><input type=\"hidden\" name=\"redirect_nonce\" value=\"012fec4850\" \/><input type=\"hidden\" name=\"wpcf7cfpdf_hidden_name\" value=\"document-pdf\" \/><input type=\"hidden\" name=\"wpcf7cfpdf_hidden_reference\" value=\"6cd4b355\" \/><input type=\"hidden\" name=\"wpcf7cfpdf_hidden_date\" value=\"04202026\" \/>\n<\/fieldset>\n<div id=\"form\">\n\t<div class=\"pledgetext\">\n\t\t<h1>ENGAGEMENT AMICAL DES GORILLES\n\t\t<\/h1>\n\t\t<p><span class=\"wpcf7-form-control-wrap\" data-name=\"nom\"><input size=\"40\" maxlength=\"400\" class=\"wpcf7-form-control wpcf7-text wpcf7-validates-as-required\" aria-required=\"true\" aria-invalid=\"false\" placeholder=\"Entrez votre pr\u00e9nom et nom de famille...\" value=\"\" type=\"text\" name=\"nom\" \/><\/span><span class=\"wpcf7-form-control-wrap\" data-name=\"Park\"><select class=\"wpcf7-form-control wpcf7-select wpcf7-validates-as-required\" id=\"pickpark\" aria-required=\"true\" aria-invalid=\"false\" name=\"Park\"><option value=\"\">&#8212;Veuillez choisir une option&#8212;<\/option><option value=\"Parc national\">Parc national<\/option><option value=\"imp\u00e9n\u00e9trable de Bwindi Mgahinga Gorilla\">imp\u00e9n\u00e9trable de Bwindi Mgahinga Gorilla<\/option><option value=\"NP Volcanoes\">NP Volcanoes<\/option><option value=\"\"><\/option><option value=\"NP de Virunga NP Kahuzi-Biega\">NP de Virunga NP Kahuzi-Biega<\/option><option value=\"NP\">NP<\/option><option value=\"Nouabal\u00e9-Ndoki Parc\">Nouabal\u00e9-Ndoki Parc<\/option><option value=\"national Odzala-Kokoua Ne visitera pas mais s\u2019int\u00e9resse \u00e0 la conservation des gorilles\">national Odzala-Kokoua Ne visitera pas mais s\u2019int\u00e9resse \u00e0 la conservation des gorilles<\/option><\/select><\/span>\n\t\t<\/p>\n\t<\/div>\n\t<div class=\"pledge-content\">\n\t\t<p>je reconnais que <strong>les gorilles sont en danger<\/strong> (la plupart des sous-esp\u00e8ces \u00e9tant class\u00e9es comme en danger critique) et qu\u2019en respectant activement les r\u00e8glements de visite des gorilles, <strong>je joue un r\u00f4le important<\/strong> dans leur protection en r\u00e9duisant les impacts n\u00e9gatifs possibles sur la sant\u00e9 et le comportement des gorilles. Par cons\u00e9quent, j\u2019affirme que je vais :\n\t\t<\/p>\n\t\t<ul>\n\t\t\t<li>\n\t\t\t\t<p><i class=\"fa-solid fa-circle-check\"><\/i>Informer mon voyagiste ou le personnel du parc si je souffre d\u2019une maladie contagieuse, y compris un rhume ou une grippe \u2013 ou des sympt\u00f4mes de fi\u00e8vre, diarrh\u00e9e, mal de gorge ou toux \u2013 et ne pas aller voir les gorilles. <a id=\"step2-1-2\" role=\"button\" class=\"learnmore\">En savoir plus<\/a>\n\t\t\t\t<\/p>\n\t\t\t<\/li>\n\t\t\t<li>\n\t\t\t\t<p>Ne pas approcher les gorilles \u00e0 moins de 10 m\u00e8tres (33 pieds) de distance et encourager activement le guide et les autres visiteurs \u00e0 respecter cette r\u00e8gle. <a id=\"step2-2-2\" role=\"button\" class=\"learnmore\">En savoir plus<\/a>\n\t\t\t\t<\/p>\n\t\t\t<\/li>\n\t\t\t<li>\n\t\t\t\t<p>Je me tourne et je couvre mon nez et ma bouche avec la manche de ma chemise au cas o\u00f9 j\u2019aurais besoin de tousser ou d\u2019\u00e9ternuer pendant la visite. <a id=\"step3-1-2\" role=\"button\" class=\"learnmore\">En savoir plus<\/a>\n\t\t\t\t<\/p>\n\t\t\t<\/li>\n\t\t\t<li>\n\t\t\t\t<p>Acceptez de porter un masque chirurgical lors de vos visites aux gorilles, et jetez-le correctement. <a id=\"step3-2-2\" role=\"button\" class=\"learnmore\">En savoir plus<\/a>\n\t\t\t\t<\/p>\n\t\t\t<\/li>\n\t\t\t<li>\n\t\t\t\t<p>Acceptez une visite maximale d\u2019une heure avec les gorilles et encouragez activement le guide et les autres visiteurs \u00e0 respecter cette r\u00e8gle. <a id=\"step4-1-2\" role=\"button\" class=\"learnmore\">En savoir plus<\/a>\n\t\t\t\t<\/p>\n\t\t\t<\/li>\n\t\t\t<li>\n\t\t\t\t<p>Assurez-vous que les sons, le flash et la r\u00e9ception r\u00e9seau de mon \u00e9quipement \u00e9lectronique sont coup\u00e9s. <a id=\"step4-2-2\" role=\"button\" class=\"learnmore\">En savoir plus<\/a>\n\t\t\t\t<\/p>\n\t\t\t<\/li>\n\t\t\t<li>\n\t\t\t\t<p>Ne rien laisser ni rien prendre dans la for\u00eat. <a id=\"step5-1-2\" role=\"button\" class=\"learnmore\">En savoir plus<\/a>\n\t\t\t\t<\/p>\n\t\t\t<\/li>\n\t\t\t<li>\n\t\t\t\t<p>Assurez-vous que tout mon mat\u00e9riel soit parfaitement propre au d\u00e9but de chaque journ\u00e9e. <a id=\"step5-2-2\" role=\"button\" class=\"learnmore\">En savoir plus<\/a>\n\t\t\t\t<\/p>\n\t\t\t<\/li>\n\t\t\t<li>\n\t\t\t\t<p>Informez mon guide du parc que j\u2019ai pris l\u2019engagement d\u2019accueil des gorilles et que je donnerai un retour sur ma visite chez les gorilles. <a id=\"step6-1-2\" role=\"button\" class=\"learnmore\">En savoir plus<\/a>\n\t\t\t\t<\/p>\n\t\t\t<\/li>\n\t\t\t<li>\n\t\t\t\t<p>Donnez un retour sur ma visite pour aider \u00e0 surveiller la conformit\u00e9 r\u00e9glementaire sur les gorilles. <a id=\"step6-2-2\" role=\"button\" class=\"learnmore\">En savoir plus<\/a>\n\t\t\t\t<\/p>\n\t\t\t<\/li>\n\t\t<\/ul>\n\t\t<p><span class=\"wpcf7-form-control-wrap\" data-name=\"checkbox-158\"><span class=\"wpcf7-form-control wpcf7-checkbox\"><span class=\"wpcf7-list-item first last\"><label><input type=\"checkbox\" name=\"checkbox-158[]\" value=\"J\u2019ai pris l\u2019engagement d\u2019accueil des gorilles et, par mes paroles et mes actions, je travaillerai en tant qu\u2019ambassadeur pour la conservation des gorilles et la protection de leur environnement.\" \/><span class=\"wpcf7-list-item-label\">J\u2019ai pris l\u2019engagement d\u2019accueil des gorilles et, par mes paroles et mes actions, je travaillerai en tant qu\u2019ambassadeur pour la conservation des gorilles et la protection de leur environnement.<\/span><\/label><\/span><\/span><\/span>\n\t\t<\/p>\n\t\t<p><span class=\"wpcf7-form-control-wrap\" data-name=\"cookie-consent\"><span class=\"wpcf7-form-control wpcf7-acceptance\"><span class=\"wpcf7-list-item\"><label><input type=\"checkbox\" name=\"cookie-consent\" value=\"1\" class=\"required-consent\" aria-invalid=\"false\" \/><span class=\"wpcf7-list-item-label\">J\u2019accepte les Conditions d\u2019utilisation et la <a href=\"\/privacy-policy\/\">Politique de confidentialit\u00e9<\/a>.<\/span><\/label><\/span><\/span><\/span><br \/>\n<small class=\"cookie-remark\"><strong>Remarque :<\/strong> Nous collecterons vos informations \u00e0 des fins marketing. Cependant, nous respectons vos droits \u00e0 la vie priv\u00e9e. Si vous souhaitez acc\u00e9der ou modifier des donn\u00e9es personnelles que nous d\u00e9tenons \u00e0 votre sujet, ou demander que nous supprimions toute information que nous avons collect\u00e9e, veuillez nous envoyer un e-mail : <a href=\"mailto:in**@*************ly.org\" data-original-string=\"Al6Yvbdh8BYyYOhVPqpT8Q==c01y2SLyjfA6CoATjTzcr1FPrNyCQQMgFyyz96a2AnX7\/o=\" title=\"This contact has been encoded by Anti-Spam by CleanTalk. Click to decode. To finish the decoding make sure that JavaScript is enabled in your browser.\" target=\"_blank\"><span \n                data-original-string='LNY0kzSfW9ry+jZ9dDot3w==c01WzstNN5ZXYANQJt\/D4RjhugNOFSBpfRqxBvq7biPTXQ='\n                class='apbct-email-encoder'\n                title='This contact has been encoded by Anti-Spam by CleanTalk. Click to decode. To finish the decoding make sure that JavaScript is enabled in your browser.'>in<span class=\"apbct-blur\">**<\/span>@<span class=\"apbct-blur\">*************<\/span>ly.org<\/span><\/a> <\/small>\n\t\t<\/p>\n\t<\/div>\n\t<p><input class=\"wpcf7-form-control wpcf7-submit has-spinner next\" type=\"submit\" value=\"ENVOYER\" \/>\n\t<\/p>\n<\/div><input type=\"hidden\" id=\"ct_checkjs_cf7_389bc7bb1e1c2a5e7e147703232a88f6\" name=\"ct_checkjs_cf7\" value=\"0\" \/><script >setTimeout(function(){var ct_input_name = \"ct_checkjs_cf7_389bc7bb1e1c2a5e7e147703232a88f6\";if (document.getElementById(ct_input_name) !== null) {var ct_input_value = document.getElementById(ct_input_name).value;document.getElementById(ct_input_name).value = document.getElementById(ct_input_name).value.replace(ct_input_value, '6f7aaa1930d932c33f016aa0bf4d5421d9906136bed2b23ee5068e5dcaa5d3cd');}}, 1000);<\/script><input\n                    class=\"apbct_special_field apbct_email_id__wp_contact_form_7\"\n                    name=\"apbct__email_id__wp_contact_form_7\"\n                    aria-label=\"Formulaire de contact\"\n                    type=\"text\" size=\"30\" maxlength=\"200\" autocomplete=\"off\"\n                    value=\"\"\n                \/><input type='hidden' class='wpcf7-pum' value='{\"closepopup\":false,\"closedelay\":0,\"openpopup\":false,\"openpopup_id\":0}' \/><div class=\"wpcf7-response-output\" aria-hidden=\"true\"><\/div>\n<input\n                    class=\"apbct_special_field apbct_email_id__elementor_form\"\n                    name=\"apbct__email_id__elementor_form\"\n                    aria-label=\"Formulaire de contact\"\n                    type=\"text\" size=\"30\" maxlength=\"200\" autocomplete=\"off\"\n                    value=\"\"\n                \/><\/form>\n<\/div>\n<\/div>\n            <\/div>\t\t\t\t<\/div>\n\t\t\t\t<\/div>\n\t\t\t\t\t<\/div>\n\t\t<\/div>\n\t\t\t\t\t<\/div>\n\t\t<\/section>\n\t\t\t\t<\/div>\n\t\t","protected":false},"excerpt":{"rendered":"<p>GORILLA FRIENDLY PLEDGE &#8212;Please choose an option&#8212;Bwindi Impenetrable NPMgahinga Gorilla NPVirunga NPVolcanoes NPKahuzi-Biega NPNouabal\u00e9-Ndoki NPOdzala-Kokoua National ParkWill not be visiting but interested in gorilla conservation recognize that Gorillas are endangered (with most subspecies classified as critically endangered) and that by actively adhering to the Gorilla visitation regulations, I play an important role in their protection [&hellip;]<\/p>\n","protected":false},"author":10,"featured_media":0,"parent":0,"menu_order":0,"comment_status":"closed","ping_status":"closed","template":"","meta":{"site-sidebar-layout":"no-sidebar","site-content-layout":"page-builder","ast-site-content-layout":"full-width-container","site-content-style":"default","site-sidebar-style":"default","ast-global-header-display":"","ast-banner-title-visibility":"","ast-main-header-display":"","ast-hfb-above-header-display":"","ast-hfb-below-header-display":"","ast-hfb-mobile-header-display":"","site-post-title":"","ast-breadcrumbs-content":"","ast-featured-img":"disabled","footer-sml-layout":"","ast-disable-related-posts":"","theme-transparent-header-meta":"","adv-header-id-meta":"","stick-header-meta":"","header-above-stick-meta":"","header-main-stick-meta":"","header-below-stick-meta":"","astra-migrate-meta-layouts":"default","ast-page-background-enabled":"default","ast-page-background-meta":{"desktop":{"background-color":"","background-image":"","background-repeat":"repeat","background-position":"center center","background-size":"auto","background-attachment":"scroll","background-type":"","background-media":"","overlay-type":"","overlay-color":"","overlay-opacity":"","overlay-gradient":""},"tablet":{"background-color":"","background-image":"","background-repeat":"repeat","background-position":"center center","background-size":"auto","background-attachment":"scroll","background-type":"","background-media":"","overlay-type":"","overlay-color":"","overlay-opacity":"","overlay-gradient":""},"mobile":{"background-color":"","background-image":"","background-repeat":"repeat","background-position":"center center","background-size":"auto","background-attachment":"scroll","background-type":"","background-media":"","overlay-type":"","overlay-color":"","overlay-opacity":"","overlay-gradient":""}},"ast-content-background-meta":{"desktop":{"background-color":"var(--ast-global-color-5)","background-image":"","background-repeat":"repeat","background-position":"center center","background-size":"auto","background-attachment":"scroll","background-type":"","background-media":"","overlay-type":"","overlay-color":"","overlay-opacity":"","overlay-gradient":""},"tablet":{"background-color":"var(--ast-global-color-5)","background-image":"","background-repeat":"repeat","background-position":"center center","background-size":"auto","background-attachment":"scroll","background-type":"","background-media":"","overlay-type":"","overlay-color":"","overlay-opacity":"","overlay-gradient":""},"mobile":{"background-color":"var(--ast-global-color-5)","background-image":"","background-repeat":"repeat","background-position":"center center","background-size":"auto","background-attachment":"scroll","background-type":"","background-media":"","overlay-type":"","overlay-color":"","overlay-opacity":"","overlay-gradient":""}},"footnotes":""},"class_list":["post-591783","page","type-page","status-publish","hentry"],"_links":{"self":[{"href":"https:\/\/gorillafriendly.org\/fr\/wp-json\/wp\/v2\/pages\/591783","targetHints":{"allow":["GET"]}}],"collection":[{"href":"https:\/\/gorillafriendly.org\/fr\/wp-json\/wp\/v2\/pages"}],"about":[{"href":"https:\/\/gorillafriendly.org\/fr\/wp-json\/wp\/v2\/types\/page"}],"author":[{"embeddable":true,"href":"https:\/\/gorillafriendly.org\/fr\/wp-json\/wp\/v2\/users\/10"}],"replies":[{"embeddable":true,"href":"https:\/\/gorillafriendly.org\/fr\/wp-json\/wp\/v2\/comments?post=591783"}],"version-history":[{"count":1,"href":"https:\/\/gorillafriendly.org\/fr\/wp-json\/wp\/v2\/pages\/591783\/revisions"}],"predecessor-version":[{"id":591784,"href":"https:\/\/gorillafriendly.org\/fr\/wp-json\/wp\/v2\/pages\/591783\/revisions\/591784"}],"wp:attachment":[{"href":"https:\/\/gorillafriendly.org\/fr\/wp-json\/wp\/v2\/media?parent=591783"}],"curies":[{"name":"wp","href":"https:\/\/api.w.org\/{rel}","templated":true}]}}